{"id":47763,"date":"2023-12-12T10:55:43","date_gmt":"2023-12-12T09:55:43","guid":{"rendered":"https:\/\/pet-shopping.de\/shop\/produkt\/natuerlich-pfiffikus-insektenfettknoedel-45er-karton\/"},"modified":"2023-12-12T10:55:43","modified_gmt":"2023-12-12T09:55:43","slug":"natuerlich-pfiffikus-insektenfettknoedel-45er-karton","status":"publish","type":"product","link":"https:\/\/all-pets.de\/shop\/produkt\/natuerlich-pfiffikus-insektenfettknoedel-45er-karton\/","title":{"rendered":"Nat\u00fcrlich Pfiffikus Insektenfettkn\u00f6del 45er Karton"},"content":{"rendered":"<p>Die Grundlage der Nat\u00fcrlich Pfiffikus Vogelkn\u00f6del ist nicht, wie bei anderen Meisenkn\u00f6deln Rindertalg, sondern Insektenfett. Insekten sind die nat\u00fcrliche Nahrung von Wildv\u00f6geln, somit kommt dieser Vogelkn\u00f6del nah ans nat\u00fcrliche Fressverhalten. Unter der Marke \u201eNat\u00fcrlich Pfiffikus\u201c wird das nat\u00fcrliche Vogelfutter vertrieben.<\/p>\n<p> Die <b>Vogelkn\u00f6del aus Insektenfett<\/b> sind nachhaltig und umweltschonend. Die Aufzucht der Insekten im Vergleich zur Aufzucht von Rindern \u2013 gew\u00f6hnliche Meisenkn\u00f6del werden aus Rindertalg hergestellt \u2013 spart CO2 und schont die Umwelt.<\/p>\n<p> F\u00fcttern Sie die Vogelkn\u00f6del am besten in einem unserer Spenderboxen. Die Vogelkn\u00f6del kommen lose verpackt, ohne Netz, in dem Karton, wie abgebildet, bei Ihnen an.<\/p>\n<p>Inhaltsstoffe:<\/p>\n<div role=\"tabpanel\" class=\"tab-pane active\" id=\"prod_short_desc\">\n<div itemprop=\"description\">Getreide, \u00d6le und Fette, Saaten, N\u00fcsse, Beeren, Mineralstoffe<\/div>\n<div itemprop=\"description\"><\/div>\n<div itemprop=\"description\">45 St\u00fcck im Karton<\/div>\n<\/div>\n","protected":false},"excerpt":{"rendered":"<p>Die Grundlage der Nat\u00fcrlich Pfiffikus Vogelkn\u00f6del ist nicht, wie bei anderen Meisenkn\u00f6deln Rindertalg, sondern Insektenfett. Insekten sind die nat\u00fcrliche Nahrung von Wildv\u00f6geln, somit kommt dieser Vogelkn\u00f6del nah ans nat\u00fcrliche Fressverhalten. Unter der Marke \u201eNat\u00fcrlich Pfiffikus\u201c wird das nat\u00fcrliche Vogelfutter vertrieben. Die Vogelkn\u00f6del aus Insektenfett sind nachhaltig und umweltschonend. Die Aufzucht der Insekten im Vergleich zur [&hellip;]<\/p>\n","protected":false},"featured_media":47764,"comment_status":"closed","ping_status":"open","template":"","meta":[],"product_cat":[14809],"product_tag":[],"class_list":{"0":"post-47763","1":"product","2":"type-product","3":"status-publish","4":"has-post-thumbnail","6":"product_cat-natuerlich-pfiffikus-gartenvogelfutter-knoedelvogelwelt-gartenvogelfutter","8":"first","9":"instock","10":"taxable","11":"shipping-taxable","12":"purchasable","13":"product-type-simple"},"_links":{"self":[{"href":"https:\/\/all-pets.de\/shop\/wp-json\/wp\/v2\/product\/47763","targetHints":{"allow":["GET"]}}],"collection":[{"href":"https:\/\/all-pets.de\/shop\/wp-json\/wp\/v2\/product"}],"about":[{"href":"https:\/\/all-pets.de\/shop\/wp-json\/wp\/v2\/types\/product"}],"replies":[{"embeddable":true,"href":"https:\/\/all-pets.de\/shop\/wp-json\/wp\/v2\/comments?post=47763"}],"wp:featuredmedia":[{"embeddable":true,"href":"https:\/\/all-pets.de\/shop\/wp-json\/wp\/v2\/media\/47764"}],"wp:attachment":[{"href":"https:\/\/all-pets.de\/shop\/wp-json\/wp\/v2\/media?parent=47763"}],"wp:term":[{"taxonomy":"product_cat","embeddable":true,"href":"https:\/\/all-pets.de\/shop\/wp-json\/wp\/v2\/product_cat?post=47763"},{"taxonomy":"product_tag","embeddable":true,"href":"https:\/\/all-pets.de\/shop\/wp-json\/wp\/v2\/product_tag?post=47763"}],"curies":[{"name":"wp","href":"https:\/\/api.w.org\/{rel}","templated":true}]}}