{"id":47766,"date":"2023-12-12T10:55:43","date_gmt":"2023-12-12T09:55:43","guid":{"rendered":"https:\/\/pet-shopping.de\/shop\/produkt\/procyon-antischling-napf-bones\/"},"modified":"2023-12-12T10:55:44","modified_gmt":"2023-12-12T09:55:44","slug":"procyon-antischling-napf-bones","status":"publish","type":"product","link":"https:\/\/all-pets.de\/shop\/produkt\/procyon-antischling-napf-bones\/","title":{"rendered":"PROCYON Antischling-Napf Bones"},"content":{"rendered":"<p>Mit dem Antischling-Napf Bones vermeiden Sie ein zu schnelles Fressen und Schlingen bei Ihrem Hund. <\/p>\n<p>Der Napf hat einen Durchmesser von ca. 35 cm und ist mit beweglichen Knochen aus Silikon best\u00fcckt, unter denen sie einfach das Trockenfutter platzieren. Nun darf Ihr Hund sich sein Essen herausfischen, frisst langsam und entspannt und wird gleichzeitig geistig gef\u00f6rdert und trainiert.<\/p>\n<p>Der Antischling-Napf Bones ist sp\u00fclmaschinenfest und mit Antirutsch-F\u00fc\u00dfen ausgestattet.<\/p>\n","protected":false},"excerpt":{"rendered":"<p>Mit dem Antischling-Napf Bones vermeiden Sie ein zu schnelles Fressen und Schlingen bei Ihrem Hund. Der Napf hat einen Durchmesser von ca. 35 cm und ist mit beweglichen Knochen aus Silikon best\u00fcckt, unter denen sie einfach das Trockenfutter platzieren. Nun darf Ihr Hund sich sein Essen herausfischen, frisst langsam und entspannt und wird gleichzeitig geistig [&hellip;]<\/p>\n","protected":false},"featured_media":24071,"comment_status":"closed","ping_status":"open","template":"","meta":[],"product_cat":[14810],"product_tag":[],"class_list":{"0":"post-47766","1":"product","2":"type-product","3":"status-publish","4":"has-post-thumbnail","6":"product_cat-intelligenz-hundespielzeug-sport-futter-wassernaepfehundewelt-hundenaepfe-traenken","8":"first","9":"instock","10":"taxable","11":"shipping-taxable","12":"purchasable","13":"product-type-simple"},"_links":{"self":[{"href":"https:\/\/all-pets.de\/shop\/wp-json\/wp\/v2\/product\/47766","targetHints":{"allow":["GET"]}}],"collection":[{"href":"https:\/\/all-pets.de\/shop\/wp-json\/wp\/v2\/product"}],"about":[{"href":"https:\/\/all-pets.de\/shop\/wp-json\/wp\/v2\/types\/product"}],"replies":[{"embeddable":true,"href":"https:\/\/all-pets.de\/shop\/wp-json\/wp\/v2\/comments?post=47766"}],"wp:featuredmedia":[{"embeddable":true,"href":"https:\/\/all-pets.de\/shop\/wp-json\/wp\/v2\/media\/24071"}],"wp:attachment":[{"href":"https:\/\/all-pets.de\/shop\/wp-json\/wp\/v2\/media?parent=47766"}],"wp:term":[{"taxonomy":"product_cat","embeddable":true,"href":"https:\/\/all-pets.de\/shop\/wp-json\/wp\/v2\/product_cat?post=47766"},{"taxonomy":"product_tag","embeddable":true,"href":"https:\/\/all-pets.de\/shop\/wp-json\/wp\/v2\/product_tag?post=47766"}],"curies":[{"name":"wp","href":"https:\/\/api.w.org\/{rel}","templated":true}]}}