{"id":47767,"date":"2023-12-12T10:55:43","date_gmt":"2023-12-12T09:55:43","guid":{"rendered":"https:\/\/pet-shopping.de\/shop\/produkt\/procyon-tpr-snackball\/"},"modified":"2023-12-12T10:55:44","modified_gmt":"2023-12-12T09:55:44","slug":"procyon-tpr-snackball","status":"publish","type":"product","link":"https:\/\/all-pets.de\/shop\/produkt\/procyon-tpr-snackball\/","title":{"rendered":"PROCYON TPR Snackball"},"content":{"rendered":"<p>Der Snack Ball aus TPR (thermo plastic rubber) ist extrem bei\u00dffest und kann in der Sp\u00fclmaschine gereinigt werden.<\/p>\n<p>Einfach Lecklis oder Trockenfutter durch die \u00d6ffnung in den Ball hineinstecken und schon beginnt der lange Spielspa\u00df!<\/p>\n<p>Ma\u00dfe: ca. 8,5 x 7,5 x 7 cm<\/p>\n","protected":false},"excerpt":{"rendered":"<p>Der Snack Ball aus TPR (thermo plastic rubber) ist extrem bei\u00dffest und kann in der Sp\u00fclmaschine gereinigt werden. Einfach Lecklis oder Trockenfutter durch die \u00d6ffnung in den Ball hineinstecken und schon beginnt der lange Spielspa\u00df! Ma\u00dfe: ca. 8,5 x 7,5 x 7 cm<\/p>\n","protected":false},"featured_media":32853,"comment_status":"closed","ping_status":"open","template":"","meta":[],"product_cat":[14811],"product_tag":[],"class_list":{"0":"post-47767","1":"product","2":"type-product","3":"status-publish","4":"has-post-thumbnail","6":"product_cat-intelligenz-hundespielzeug-sport-hundebaellehundewelt","8":"first","9":"instock","10":"taxable","11":"shipping-taxable","12":"purchasable","13":"product-type-simple"},"_links":{"self":[{"href":"https:\/\/all-pets.de\/shop\/wp-json\/wp\/v2\/product\/47767","targetHints":{"allow":["GET"]}}],"collection":[{"href":"https:\/\/all-pets.de\/shop\/wp-json\/wp\/v2\/product"}],"about":[{"href":"https:\/\/all-pets.de\/shop\/wp-json\/wp\/v2\/types\/product"}],"replies":[{"embeddable":true,"href":"https:\/\/all-pets.de\/shop\/wp-json\/wp\/v2\/comments?post=47767"}],"wp:featuredmedia":[{"embeddable":true,"href":"https:\/\/all-pets.de\/shop\/wp-json\/wp\/v2\/media\/32853"}],"wp:attachment":[{"href":"https:\/\/all-pets.de\/shop\/wp-json\/wp\/v2\/media?parent=47767"}],"wp:term":[{"taxonomy":"product_cat","embeddable":true,"href":"https:\/\/all-pets.de\/shop\/wp-json\/wp\/v2\/product_cat?post=47767"},{"taxonomy":"product_tag","embeddable":true,"href":"https:\/\/all-pets.de\/shop\/wp-json\/wp\/v2\/product_tag?post=47767"}],"curies":[{"name":"wp","href":"https:\/\/api.w.org\/{rel}","templated":true}]}}