{"id":47769,"date":"2023-12-12T10:55:43","date_gmt":"2023-12-12T09:55:43","guid":{"rendered":"https:\/\/pet-shopping.de\/shop\/produkt\/procyon-tpr-dummy\/"},"modified":"2023-12-12T10:55:44","modified_gmt":"2023-12-12T09:55:44","slug":"procyon-tpr-dummy","status":"publish","type":"product","link":"https:\/\/all-pets.de\/shop\/produkt\/procyon-tpr-dummy\/","title":{"rendered":"PROCYON TPR Dummy"},"content":{"rendered":"<p>Der Dummy aus TPR (thermo plastic rubber) ist extrem bei\u00dffest und kann in der Sp\u00fclmaschine gereinigt werden.<\/p>\n<p>Dank des weichen und zugleich stabilen Materials wird das Verletzungsrisiko minimiert. Der Dummy raschelt beim Hineinbei\u00dfen und weckt so nat\u00fcrlich noch mehr das Interesse Ihres Vierbeiners f\u00fcr ein langes und ausgiebiges Spiel oder Training.<\/p>\n<p>L\u00e4nge: ca. 30 cm<\/p>\n","protected":false},"excerpt":{"rendered":"<p>Der Dummy aus TPR (thermo plastic rubber) ist extrem bei\u00dffest und kann in der Sp\u00fclmaschine gereinigt werden. Dank des weichen und zugleich stabilen Materials wird das Verletzungsrisiko minimiert. Der Dummy raschelt beim Hineinbei\u00dfen und weckt so nat\u00fcrlich noch mehr das Interesse Ihres Vierbeiners f\u00fcr ein langes und ausgiebiges Spiel oder Training. L\u00e4nge: ca. 30 cm<\/p>\n","protected":false},"featured_media":15740,"comment_status":"closed","ping_status":"open","template":"","meta":[],"product_cat":[14813],"product_tag":[],"class_list":{"0":"post-47769","1":"product","2":"type-product","3":"status-publish","4":"has-post-thumbnail","6":"product_cat-hundewurfspielzeug-hundespielzeug-sport-agility-traininghundewelt-hundespielzeug-sport-apportierenhundewelt","8":"first","9":"instock","10":"taxable","11":"shipping-taxable","12":"purchasable","13":"product-type-simple"},"_links":{"self":[{"href":"https:\/\/all-pets.de\/shop\/wp-json\/wp\/v2\/product\/47769","targetHints":{"allow":["GET"]}}],"collection":[{"href":"https:\/\/all-pets.de\/shop\/wp-json\/wp\/v2\/product"}],"about":[{"href":"https:\/\/all-pets.de\/shop\/wp-json\/wp\/v2\/types\/product"}],"replies":[{"embeddable":true,"href":"https:\/\/all-pets.de\/shop\/wp-json\/wp\/v2\/comments?post=47769"}],"wp:featuredmedia":[{"embeddable":true,"href":"https:\/\/all-pets.de\/shop\/wp-json\/wp\/v2\/media\/15740"}],"wp:attachment":[{"href":"https:\/\/all-pets.de\/shop\/wp-json\/wp\/v2\/media?parent=47769"}],"wp:term":[{"taxonomy":"product_cat","embeddable":true,"href":"https:\/\/all-pets.de\/shop\/wp-json\/wp\/v2\/product_cat?post=47769"},{"taxonomy":"product_tag","embeddable":true,"href":"https:\/\/all-pets.de\/shop\/wp-json\/wp\/v2\/product_tag?post=47769"}],"curies":[{"name":"wp","href":"https:\/\/api.w.org\/{rel}","templated":true}]}}