{"id":47770,"date":"2023-12-12T10:55:43","date_gmt":"2023-12-12T09:55:43","guid":{"rendered":"https:\/\/pet-shopping.de\/shop\/produkt\/procyon-silikonbuerste\/"},"modified":"2023-12-12T10:55:44","modified_gmt":"2023-12-12T09:55:44","slug":"procyon-silikonbuerste","status":"publish","type":"product","link":"https:\/\/all-pets.de\/shop\/produkt\/procyon-silikonbuerste\/","title":{"rendered":"PROCYON Silikonb\u00fcrste"},"content":{"rendered":"<p>Mit der B\u00fcrste aus stabilem und zugleich flexiblem Silikon bekommt Ihr Hund w\u00e4hrend dem B\u00fcrsten auch gleich eine angenehme Massage.<\/p>\n<p>Das griffige Material liegt gut in der Hand und ist au\u00dferdem sp\u00fclmaschinenfest.<\/p>\n","protected":false},"excerpt":{"rendered":"<p>Mit der B\u00fcrste aus stabilem und zugleich flexiblem Silikon bekommt Ihr Hund w\u00e4hrend dem B\u00fcrsten auch gleich eine angenehme Massage. Das griffige Material liegt gut in der Hand und ist au\u00dferdem sp\u00fclmaschinenfest.<\/p>\n","protected":false},"featured_media":17208,"comment_status":"closed","ping_status":"open","template":"","meta":[],"product_cat":[14112],"product_tag":[],"class_list":{"0":"post-47770","1":"product","2":"type-product","3":"status-publish","4":"has-post-thumbnail","6":"product_cat-hundebuersten-striegel-fellpflege-pflege-gesundheit-hundewelt","8":"first","9":"instock","10":"taxable","11":"shipping-taxable","12":"purchasable","13":"product-type-simple"},"_links":{"self":[{"href":"https:\/\/all-pets.de\/shop\/wp-json\/wp\/v2\/product\/47770","targetHints":{"allow":["GET"]}}],"collection":[{"href":"https:\/\/all-pets.de\/shop\/wp-json\/wp\/v2\/product"}],"about":[{"href":"https:\/\/all-pets.de\/shop\/wp-json\/wp\/v2\/types\/product"}],"replies":[{"embeddable":true,"href":"https:\/\/all-pets.de\/shop\/wp-json\/wp\/v2\/comments?post=47770"}],"wp:featuredmedia":[{"embeddable":true,"href":"https:\/\/all-pets.de\/shop\/wp-json\/wp\/v2\/media\/17208"}],"wp:attachment":[{"href":"https:\/\/all-pets.de\/shop\/wp-json\/wp\/v2\/media?parent=47770"}],"wp:term":[{"taxonomy":"product_cat","embeddable":true,"href":"https:\/\/all-pets.de\/shop\/wp-json\/wp\/v2\/product_cat?post=47770"},{"taxonomy":"product_tag","embeddable":true,"href":"https:\/\/all-pets.de\/shop\/wp-json\/wp\/v2\/product_tag?post=47770"}],"curies":[{"name":"wp","href":"https:\/\/api.w.org\/{rel}","templated":true}]}}