{"id":47771,"date":"2023-12-12T10:55:43","date_gmt":"2023-12-12T09:55:43","guid":{"rendered":"https:\/\/pet-shopping.de\/shop\/produkt\/procyon-silikonmatte\/"},"modified":"2023-12-12T10:55:44","modified_gmt":"2023-12-12T09:55:44","slug":"procyon-silikonmatte","status":"publish","type":"product","link":"https:\/\/all-pets.de\/shop\/produkt\/procyon-silikonmatte\/","title":{"rendered":"PROCYON Silikonmatte"},"content":{"rendered":"<p>Diese Matte aus Silikon eignet sich ideal als Napfunterlage f\u00fcr Zuhause, Unterwegs oder auf Reisen. Durch den erh\u00f6hten Rand bleiben versch\u00fcttetes Futter und gekleckertes Wasser auf der Matte und landen nicht auf dem Boden.<\/p>\n<p>Die Matte ist ca. 40 x 30 cm gro\u00df und besonders leicht zu reinigen, da sie sp\u00fclmaschinenfest ist.<\/p>\n","protected":false},"excerpt":{"rendered":"<p>Diese Matte aus Silikon eignet sich ideal als Napfunterlage f\u00fcr Zuhause, Unterwegs oder auf Reisen. Durch den erh\u00f6hten Rand bleiben versch\u00fcttetes Futter und gekleckertes Wasser auf der Matte und landen nicht auf dem Boden. Die Matte ist ca. 40 x 30 cm gro\u00df und besonders leicht zu reinigen, da sie sp\u00fclmaschinenfest ist.<\/p>\n","protected":false},"featured_media":32893,"comment_status":"closed","ping_status":"open","template":"","meta":[],"product_cat":[14505],"product_tag":[],"class_list":{"0":"post-47771","1":"product","2":"type-product","3":"status-publish","4":"has-post-thumbnail","6":"product_cat-napfunterlagen-hundenaepfe-traenken","8":"first","9":"instock","10":"taxable","11":"shipping-taxable","12":"purchasable","13":"product-type-simple"},"_links":{"self":[{"href":"https:\/\/all-pets.de\/shop\/wp-json\/wp\/v2\/product\/47771","targetHints":{"allow":["GET"]}}],"collection":[{"href":"https:\/\/all-pets.de\/shop\/wp-json\/wp\/v2\/product"}],"about":[{"href":"https:\/\/all-pets.de\/shop\/wp-json\/wp\/v2\/types\/product"}],"replies":[{"embeddable":true,"href":"https:\/\/all-pets.de\/shop\/wp-json\/wp\/v2\/comments?post=47771"}],"wp:featuredmedia":[{"embeddable":true,"href":"https:\/\/all-pets.de\/shop\/wp-json\/wp\/v2\/media\/32893"}],"wp:attachment":[{"href":"https:\/\/all-pets.de\/shop\/wp-json\/wp\/v2\/media?parent=47771"}],"wp:term":[{"taxonomy":"product_cat","embeddable":true,"href":"https:\/\/all-pets.de\/shop\/wp-json\/wp\/v2\/product_cat?post=47771"},{"taxonomy":"product_tag","embeddable":true,"href":"https:\/\/all-pets.de\/shop\/wp-json\/wp\/v2\/product_tag?post=47771"}],"curies":[{"name":"wp","href":"https:\/\/api.w.org\/{rel}","templated":true}]}}