{"id":47776,"date":"2023-12-12T10:55:43","date_gmt":"2023-12-12T09:55:43","guid":{"rendered":"https:\/\/pet-shopping.de\/shop\/produkt\/nerf-dog-trax-tire-wheel-tug\/"},"modified":"2023-12-12T10:55:45","modified_gmt":"2023-12-12T09:55:45","slug":"nerf-dog-trax-tire-wheel-tug","status":"publish","type":"product","link":"https:\/\/all-pets.de\/shop\/produkt\/nerf-dog-trax-tire-wheel-tug\/","title":{"rendered":"NERF DOG Trax Tire Wheel Tug"},"content":{"rendered":"<p>Die NERF DOG Hundespielzeuge vereinen optimales und funktionales Design mit speziellen Materialien, die eine intensive Nutzung \u00fcber einen langen Zeitraum erlauben.<\/p>\n<p>Der Trax Tire Wheel Tug ist ein Doppelzugring mit Reifenprofil. Zwei Gummireifen sind durch einen Ring aus Baumwollseil verbunden und laden zum Ziehen ein. Ideal f\u00fcr alle Hunde, die Zug- und Zerrspiele lieben!<\/p>\n<p>Gr\u00f6\u00dfe: ca. 33 cm<br \/> Farbe: Blau oder Rot<br \/> Eine Farbwahl ist leider nicht m\u00f6glich, da die Farbe je nach Lagerbestand gew\u00e4hlt wird.<\/p>\n","protected":false},"excerpt":{"rendered":"<p>Die NERF DOG Hundespielzeuge vereinen optimales und funktionales Design mit speziellen Materialien, die eine intensive Nutzung \u00fcber einen langen Zeitraum erlauben. Der Trax Tire Wheel Tug ist ein Doppelzugring mit Reifenprofil. Zwei Gummireifen sind durch einen Ring aus Baumwollseil verbunden und laden zum Ziehen ein. Ideal f\u00fcr alle Hunde, die Zug- und Zerrspiele lieben! Gr\u00f6\u00dfe: [&hellip;]<\/p>\n","protected":false},"featured_media":18064,"comment_status":"closed","ping_status":"open","template":"","meta":[],"product_cat":[14191],"product_tag":[],"class_list":{"0":"post-47776","1":"product","2":"type-product","3":"status-publish","4":"has-post-thumbnail","6":"product_cat-weitere-spielzeuge-hundespielzeug-sport","8":"first","9":"instock","10":"taxable","11":"shipping-taxable","12":"purchasable","13":"product-type-simple"},"_links":{"self":[{"href":"https:\/\/all-pets.de\/shop\/wp-json\/wp\/v2\/product\/47776","targetHints":{"allow":["GET"]}}],"collection":[{"href":"https:\/\/all-pets.de\/shop\/wp-json\/wp\/v2\/product"}],"about":[{"href":"https:\/\/all-pets.de\/shop\/wp-json\/wp\/v2\/types\/product"}],"replies":[{"embeddable":true,"href":"https:\/\/all-pets.de\/shop\/wp-json\/wp\/v2\/comments?post=47776"}],"wp:featuredmedia":[{"embeddable":true,"href":"https:\/\/all-pets.de\/shop\/wp-json\/wp\/v2\/media\/18064"}],"wp:attachment":[{"href":"https:\/\/all-pets.de\/shop\/wp-json\/wp\/v2\/media?parent=47776"}],"wp:term":[{"taxonomy":"product_cat","embeddable":true,"href":"https:\/\/all-pets.de\/shop\/wp-json\/wp\/v2\/product_cat?post=47776"},{"taxonomy":"product_tag","embeddable":true,"href":"https:\/\/all-pets.de\/shop\/wp-json\/wp\/v2\/product_tag?post=47776"}],"curies":[{"name":"wp","href":"https:\/\/api.w.org\/{rel}","templated":true}]}}