{"id":47779,"date":"2023-12-12T10:55:43","date_gmt":"2023-12-12T09:55:43","guid":{"rendered":"https:\/\/pet-shopping.de\/shop\/produkt\/trixie-strategiespiel-fun-timer-fuer-hunde-und-katzen\/"},"modified":"2023-12-12T10:55:45","modified_gmt":"2023-12-12T09:55:45","slug":"trixie-strategiespiel-fun-timer-fuer-hunde-und-katzen","status":"publish","type":"product","link":"https:\/\/all-pets.de\/shop\/produkt\/trixie-strategiespiel-fun-timer-fuer-hunde-und-katzen\/","title":{"rendered":"Trixie Strategiespiel Fun Timer f\u00fcr Hunde und Katzen"},"content":{"rendered":"<p>Das Strategiespiel Fun Timer eignet sich zur regelm\u00e4\u00dfigen Besch\u00e4ftigung von Hunden und Katzen. <\/p>\n<p>Der Fun Timer besitzt 5 F\u00e4cher zum Bef\u00fcllen mit kleinen Spielzeugen oder Snacks. Nach Ablauf der eingestellten Zeit (Intervalll\u00e4nge 30 oder 60 Minuten) \u00f6ffnet sich ein Fach in Verbindung mit einem Signalton und die \u00dcberraschung f\u00e4llt heraus.<\/p>\n<p>Der Fun Timer besteht aus Kunststoff mit rutschfesten Gummif\u00fc\u00dfen und ist batteriebetrieben (3 AA-Mignon-Batterien nicht enthalten). Inkl. Anleitung mit Tipps und Tricks f\u00fcr das optimale Training.<\/p>\n<p>Ma\u00dfe: ca. 22 x 13 cm (Durchmesser x H\u00f6he)<\/p>\n","protected":false},"excerpt":{"rendered":"<p>Das Strategiespiel Fun Timer eignet sich zur regelm\u00e4\u00dfigen Besch\u00e4ftigung von Hunden und Katzen. Der Fun Timer besitzt 5 F\u00e4cher zum Bef\u00fcllen mit kleinen Spielzeugen oder Snacks. Nach Ablauf der eingestellten Zeit (Intervalll\u00e4nge 30 oder 60 Minuten) \u00f6ffnet sich ein Fach in Verbindung mit einem Signalton und die \u00dcberraschung f\u00e4llt heraus. Der Fun Timer besteht aus [&hellip;]<\/p>\n","protected":false},"featured_media":1344,"comment_status":"closed","ping_status":"open","template":"","meta":[],"product_cat":[13832],"product_tag":[],"class_list":{"0":"post-47779","1":"product","2":"type-product","3":"status-publish","4":"has-post-thumbnail","6":"product_cat-intelligenz-hundespielzeug-sport-intelligenz-spielzeughundewelt","8":"first","9":"instock","10":"taxable","11":"shipping-taxable","12":"purchasable","13":"product-type-simple"},"_links":{"self":[{"href":"https:\/\/all-pets.de\/shop\/wp-json\/wp\/v2\/product\/47779","targetHints":{"allow":["GET"]}}],"collection":[{"href":"https:\/\/all-pets.de\/shop\/wp-json\/wp\/v2\/product"}],"about":[{"href":"https:\/\/all-pets.de\/shop\/wp-json\/wp\/v2\/types\/product"}],"replies":[{"embeddable":true,"href":"https:\/\/all-pets.de\/shop\/wp-json\/wp\/v2\/comments?post=47779"}],"wp:featuredmedia":[{"embeddable":true,"href":"https:\/\/all-pets.de\/shop\/wp-json\/wp\/v2\/media\/1344"}],"wp:attachment":[{"href":"https:\/\/all-pets.de\/shop\/wp-json\/wp\/v2\/media?parent=47779"}],"wp:term":[{"taxonomy":"product_cat","embeddable":true,"href":"https:\/\/all-pets.de\/shop\/wp-json\/wp\/v2\/product_cat?post=47779"},{"taxonomy":"product_tag","embeddable":true,"href":"https:\/\/all-pets.de\/shop\/wp-json\/wp\/v2\/product_tag?post=47779"}],"curies":[{"name":"wp","href":"https:\/\/api.w.org\/{rel}","templated":true}]}}