{"id":47780,"date":"2023-12-12T10:55:43","date_gmt":"2023-12-12T09:55:43","guid":{"rendered":"https:\/\/pet-shopping.de\/shop\/produkt\/nerf-dog-ultraplush-trackshot-tuff-tug\/"},"modified":"2023-12-12T10:55:45","modified_gmt":"2023-12-12T09:55:45","slug":"nerf-dog-ultraplush-trackshot-tuff-tug","status":"publish","type":"product","link":"https:\/\/all-pets.de\/shop\/produkt\/nerf-dog-ultraplush-trackshot-tuff-tug\/","title":{"rendered":"NERF DOG Ultraplush Trackshot Tuff Tug"},"content":{"rendered":"<p>Die NERF DOG Hundespielzeuge vereinen optimales und funktionales Design mit speziellen Materialien, die eine intensive Nutzung \u00fcber einen langen Zeitraum erlauben.<\/p>\n<p>Der Ultraplush Trackshot Tuff Tug ist ein Nylonfootball mit Tau und Pl\u00fcsch und animierendem Quietsch-Ger\u00e4usch. Er besitzt eine extrastarke, rei\u00dffeste Netzunterf\u00fctterung, doppelte N\u00e4hte und eine wasserabweisende Gummierung mit widerstandsf\u00e4higer Griffigkeit.<\/p>\n<p>Gr\u00f6\u00dfe: ca. 38 cm<br \/> Farbe: gr\u00fcn-blau oder orange-blau <br \/> Eine Farbwahl ist leider nicht m\u00f6glich, da die Farbe je nach Lagerbestand gew\u00e4hlt wird.<\/p>\n","protected":false},"excerpt":{"rendered":"<p>Die NERF DOG Hundespielzeuge vereinen optimales und funktionales Design mit speziellen Materialien, die eine intensive Nutzung \u00fcber einen langen Zeitraum erlauben. Der Ultraplush Trackshot Tuff Tug ist ein Nylonfootball mit Tau und Pl\u00fcsch und animierendem Quietsch-Ger\u00e4usch. Er besitzt eine extrastarke, rei\u00dffeste Netzunterf\u00fctterung, doppelte N\u00e4hte und eine wasserabweisende Gummierung mit widerstandsf\u00e4higer Griffigkeit. Gr\u00f6\u00dfe: ca. 38 cm [&hellip;]<\/p>\n","protected":false},"featured_media":17108,"comment_status":"closed","ping_status":"open","template":"","meta":[],"product_cat":[14816],"product_tag":[],"class_list":{"0":"post-47780","1":"product","2":"type-product","3":"status-publish","4":"has-post-thumbnail","6":"product_cat-hundebaelle-hundespielzeug-sport-plueschspielzeughundewelt","8":"first","9":"instock","10":"taxable","11":"shipping-taxable","12":"purchasable","13":"product-type-simple"},"_links":{"self":[{"href":"https:\/\/all-pets.de\/shop\/wp-json\/wp\/v2\/product\/47780","targetHints":{"allow":["GET"]}}],"collection":[{"href":"https:\/\/all-pets.de\/shop\/wp-json\/wp\/v2\/product"}],"about":[{"href":"https:\/\/all-pets.de\/shop\/wp-json\/wp\/v2\/types\/product"}],"replies":[{"embeddable":true,"href":"https:\/\/all-pets.de\/shop\/wp-json\/wp\/v2\/comments?post=47780"}],"wp:featuredmedia":[{"embeddable":true,"href":"https:\/\/all-pets.de\/shop\/wp-json\/wp\/v2\/media\/17108"}],"wp:attachment":[{"href":"https:\/\/all-pets.de\/shop\/wp-json\/wp\/v2\/media?parent=47780"}],"wp:term":[{"taxonomy":"product_cat","embeddable":true,"href":"https:\/\/all-pets.de\/shop\/wp-json\/wp\/v2\/product_cat?post=47780"},{"taxonomy":"product_tag","embeddable":true,"href":"https:\/\/all-pets.de\/shop\/wp-json\/wp\/v2\/product_tag?post=47780"}],"curies":[{"name":"wp","href":"https:\/\/api.w.org\/{rel}","templated":true}]}}