{"id":47786,"date":"2023-12-12T10:55:47","date_gmt":"2023-12-12T09:55:47","guid":{"rendered":"https:\/\/pet-shopping.de\/shop\/produkt\/trixie-katzenhaus-z-b-fuer-toiletten\/"},"modified":"2023-12-12T10:55:47","modified_gmt":"2023-12-12T09:55:47","slug":"trixie-katzenhaus-z-b-fuer-toiletten","status":"publish","type":"product","link":"https:\/\/all-pets.de\/shop\/produkt\/trixie-katzenhaus-z-b-fuer-toiletten\/","title":{"rendered":"Trixie Katzenhaus z.B. f\u00fcr Toiletten"},"content":{"rendered":"<p>Das Katzenhaus aus wei\u00df lackiertem MDF kann entweder als dekoratives Schlafhaus genutzt werden, oder besonders praktisch zum Verbergen der Katzentoilette.<\/p>\n<p>Diese Nutzungsm\u00f6glichkeit hat zudem den Vorteil, dass das Katzenstreu gr\u00f6\u00dftenteils im H\u00e4uschen bleibt und nicht auf Ihrem Fu\u00dfboden landet. Bel\u00fcftungsl\u00f6cher an der R\u00fcckwand sorgen f\u00fcr eine gute Luftzirkulation im Innenraum des Katzenhauses. Die Reinigung des H\u00e4uschens oder der Toilette gestaltet sich durch die gro\u00dfe T\u00fcr an der Front, die mit einem Magnetverschluss versehen ist, sehr einfach und schnell.<\/p>\n<p>Das Katzenhaus eignet sich zum Beispiel f\u00fcr die Trixie Katzentoilette Classic. <br \/> Die Katzentoilette ist nicht im Lieferumfang enthalten!<\/p>\n<p>Farbe: wei\u00df<br \/> Ma\u00dfe: ca. 49 x 51 x 51 cm<\/p>\n","protected":false},"excerpt":{"rendered":"<p>Das Katzenhaus aus wei\u00df lackiertem MDF kann entweder als dekoratives Schlafhaus genutzt werden, oder besonders praktisch zum Verbergen der Katzentoilette. Diese Nutzungsm\u00f6glichkeit hat zudem den Vorteil, dass das Katzenstreu gr\u00f6\u00dftenteils im H\u00e4uschen bleibt und nicht auf Ihrem Fu\u00dfboden landet. Bel\u00fcftungsl\u00f6cher an der R\u00fcckwand sorgen f\u00fcr eine gute Luftzirkulation im Innenraum des Katzenhauses. Die Reinigung des [&hellip;]<\/p>\n","protected":false},"featured_media":33790,"comment_status":"closed","ping_status":"open","template":"","meta":[],"product_cat":[14822],"product_tag":[],"class_list":{"0":"post-47786","1":"product","2":"type-product","3":"status-publish","4":"has-post-thumbnail","6":"product_cat-toiletten-zubehoer-toiletten-katzenstreu-haeuser-hoehlenkatzenwelt","8":"first","9":"instock","10":"taxable","11":"shipping-taxable","12":"purchasable","13":"product-type-simple"},"_links":{"self":[{"href":"https:\/\/all-pets.de\/shop\/wp-json\/wp\/v2\/product\/47786","targetHints":{"allow":["GET"]}}],"collection":[{"href":"https:\/\/all-pets.de\/shop\/wp-json\/wp\/v2\/product"}],"about":[{"href":"https:\/\/all-pets.de\/shop\/wp-json\/wp\/v2\/types\/product"}],"replies":[{"embeddable":true,"href":"https:\/\/all-pets.de\/shop\/wp-json\/wp\/v2\/comments?post=47786"}],"wp:featuredmedia":[{"embeddable":true,"href":"https:\/\/all-pets.de\/shop\/wp-json\/wp\/v2\/media\/33790"}],"wp:attachment":[{"href":"https:\/\/all-pets.de\/shop\/wp-json\/wp\/v2\/media?parent=47786"}],"wp:term":[{"taxonomy":"product_cat","embeddable":true,"href":"https:\/\/all-pets.de\/shop\/wp-json\/wp\/v2\/product_cat?post=47786"},{"taxonomy":"product_tag","embeddable":true,"href":"https:\/\/all-pets.de\/shop\/wp-json\/wp\/v2\/product_tag?post=47786"}],"curies":[{"name":"wp","href":"https:\/\/api.w.org\/{rel}","templated":true}]}}