{"id":47787,"date":"2023-12-12T10:55:47","date_gmt":"2023-12-12T09:55:47","guid":{"rendered":"https:\/\/pet-shopping.de\/shop\/produkt\/trixie-streuloeffel-aus-edelstahl\/"},"modified":"2023-12-12T10:55:47","modified_gmt":"2023-12-12T09:55:47","slug":"trixie-streuloeffel-aus-edelstahl","status":"publish","type":"product","link":"https:\/\/all-pets.de\/shop\/produkt\/trixie-streuloeffel-aus-edelstahl\/","title":{"rendered":"Trixie Streul\u00f6ffel aus Edelstahl"},"content":{"rendered":"<p>Dieser stabile Streul\u00f6ffel besteht aus rostfreiem Edelstahl und eignet sich f\u00fcr Klumpstreu.<\/p>\n<p>L\u00e4nge insgesamt: ca. 32 cm<br \/> Gr\u00f6\u00dfe der Schaufel: ca. 12,5 x 13 cm (BxH)<br \/> Breite der Schlitze: ca. 6 mm <\/p>\n","protected":false},"excerpt":{"rendered":"<p>Dieser stabile Streul\u00f6ffel besteht aus rostfreiem Edelstahl und eignet sich f\u00fcr Klumpstreu. L\u00e4nge insgesamt: ca. 32 cm Gr\u00f6\u00dfe der Schaufel: ca. 12,5 x 13 cm (BxH) Breite der Schlitze: ca. 6 mm<\/p>\n","protected":false},"featured_media":5591,"comment_status":"closed","ping_status":"open","template":"","meta":[],"product_cat":[14219],"product_tag":[],"class_list":{"0":"post-47787","1":"product","2":"type-product","3":"status-publish","4":"has-post-thumbnail","6":"product_cat-toiletten-zubehoer","8":"first","9":"instock","10":"taxable","11":"shipping-taxable","12":"purchasable","13":"product-type-simple"},"_links":{"self":[{"href":"https:\/\/all-pets.de\/shop\/wp-json\/wp\/v2\/product\/47787","targetHints":{"allow":["GET"]}}],"collection":[{"href":"https:\/\/all-pets.de\/shop\/wp-json\/wp\/v2\/product"}],"about":[{"href":"https:\/\/all-pets.de\/shop\/wp-json\/wp\/v2\/types\/product"}],"replies":[{"embeddable":true,"href":"https:\/\/all-pets.de\/shop\/wp-json\/wp\/v2\/comments?post=47787"}],"wp:featuredmedia":[{"embeddable":true,"href":"https:\/\/all-pets.de\/shop\/wp-json\/wp\/v2\/media\/5591"}],"wp:attachment":[{"href":"https:\/\/all-pets.de\/shop\/wp-json\/wp\/v2\/media?parent=47787"}],"wp:term":[{"taxonomy":"product_cat","embeddable":true,"href":"https:\/\/all-pets.de\/shop\/wp-json\/wp\/v2\/product_cat?post=47787"},{"taxonomy":"product_tag","embeddable":true,"href":"https:\/\/all-pets.de\/shop\/wp-json\/wp\/v2\/product_tag?post=47787"}],"curies":[{"name":"wp","href":"https:\/\/api.w.org\/{rel}","templated":true}]}}