{"id":47812,"date":"2023-12-12T10:55:51","date_gmt":"2023-12-12T09:55:51","guid":{"rendered":"https:\/\/pet-shopping.de\/shop\/produkt\/jr-grainless-plus-salbei-loewenzahn-100g\/"},"modified":"2023-12-12T10:55:51","modified_gmt":"2023-12-12T09:55:51","slug":"jr-grainless-plus-salbei-loewenzahn-100g","status":"publish","type":"product","link":"https:\/\/all-pets.de\/shop\/produkt\/jr-grainless-plus-salbei-loewenzahn-100g\/","title":{"rendered":"JR Grainless Plus Salbei &#038; L\u00f6wenzahn 100g"},"content":{"rendered":"<p>Erg\u00e4nzungsfuttermittel f\u00fcr alle Nager und Zwergkaninchen.<\/p>\n<p>Schonend getrockneter, schmackhafter L\u00f6wenzahn in Kombiantion mit<\/p>\n<p>duftendem Salbei, das ist pure Entspannung f\u00fcr jeden Nager. Die speziellen Inhaltsstoffe des Salbeis k\u00f6nnen sich positiv auf die Atemwege Ihres Tieres auswirken, und die aromatischen Strohblumen sind ein ganz besonderer Leckerbissen. Die perfekte Erg\u00e4nzung f\u00fcr<\/p>\n<p>eine getreidefreie Ern\u00e4hrung.<\/p>\n<p>F\u00fctterungsempfehlung:<\/p>\n<p>Gemischt mit Heu oder anderen Kr\u00e4utern, oder zus\u00e4tzlich zur t\u00e4glichen Heuration.<\/p>\n<p>Zusammensetzung:<\/p>\n<p>L\u00f6wenzahn 87%, Salbei 5%, Pfefferminze, Strohblume<\/p>\n<p>Analytische Bestandteile:<\/p>\n<p>Protein 20%, Fettgehalt 4,3%, Rohfaser 14,4%, Rohasche 12,8%<\/p>\n<p>100 g<\/p>\n","protected":false},"excerpt":{"rendered":"<p>Erg\u00e4nzungsfuttermittel f\u00fcr alle Nager und Zwergkaninchen. Schonend getrockneter, schmackhafter L\u00f6wenzahn in Kombiantion mit duftendem Salbei, das ist pure Entspannung f\u00fcr jeden Nager. Die speziellen Inhaltsstoffe des Salbeis k\u00f6nnen sich positiv auf die Atemwege Ihres Tieres auswirken, und die aromatischen Strohblumen sind ein ganz besonderer Leckerbissen. Die perfekte Erg\u00e4nzung f\u00fcr eine getreidefreie Ern\u00e4hrung. F\u00fctterungsempfehlung: Gemischt mit [&hellip;]<\/p>\n","protected":false},"featured_media":18088,"comment_status":"closed","ping_status":"open","template":"","meta":[],"product_cat":[14838],"product_tag":[],"class_list":{"0":"post-47812","1":"product","2":"type-product","3":"status-publish","4":"has-post-thumbnail","6":"product_cat-jr-farm-kleintierfutter-snacks-zwergkaninchenkleintierwelt-kleintierfutter-snacks-rattekleintierwelt-kleintierfutter-snacks-meerschweinchenkleintierwelt-kleintierfutter-snacks-2","8":"first","9":"instock","10":"taxable","11":"shipping-taxable","12":"purchasable","13":"product-type-simple"},"_links":{"self":[{"href":"https:\/\/all-pets.de\/shop\/wp-json\/wp\/v2\/product\/47812","targetHints":{"allow":["GET"]}}],"collection":[{"href":"https:\/\/all-pets.de\/shop\/wp-json\/wp\/v2\/product"}],"about":[{"href":"https:\/\/all-pets.de\/shop\/wp-json\/wp\/v2\/types\/product"}],"replies":[{"embeddable":true,"href":"https:\/\/all-pets.de\/shop\/wp-json\/wp\/v2\/comments?post=47812"}],"wp:featuredmedia":[{"embeddable":true,"href":"https:\/\/all-pets.de\/shop\/wp-json\/wp\/v2\/media\/18088"}],"wp:attachment":[{"href":"https:\/\/all-pets.de\/shop\/wp-json\/wp\/v2\/media?parent=47812"}],"wp:term":[{"taxonomy":"product_cat","embeddable":true,"href":"https:\/\/all-pets.de\/shop\/wp-json\/wp\/v2\/product_cat?post=47812"},{"taxonomy":"product_tag","embeddable":true,"href":"https:\/\/all-pets.de\/shop\/wp-json\/wp\/v2\/product_tag?post=47812"}],"curies":[{"name":"wp","href":"https:\/\/api.w.org\/{rel}","templated":true}]}}