{"id":47813,"date":"2023-12-12T10:55:51","date_gmt":"2023-12-12T09:55:51","guid":{"rendered":"https:\/\/pet-shopping.de\/shop\/produkt\/jr-farm-knabber-stuecke-50g\/"},"modified":"2023-12-12T10:55:52","modified_gmt":"2023-12-12T09:55:52","slug":"jr-farm-knabber-stuecke-50g","status":"publish","type":"product","link":"https:\/\/all-pets.de\/shop\/produkt\/jr-farm-knabber-stuecke-50g\/","title":{"rendered":"JR Farm Knabber-St\u00fccke 50g"},"content":{"rendered":"<p>Erg\u00e4nzungsfuttermittel f\u00fcr Zwergkaninchen und Nager.<\/p>\n<p>Nat\u00fcrliche Knabbereien wie in freier Natur. Sonnengereifte Hirsen und Sonnenblumenk\u00f6pfe erfreuen jedes Nagerherz.<\/p>\n<p>F\u00fctterungsempfehlung:<\/p>\n<p>Zu f\u00fcttern als Snack.<\/p>\n<p>Zusammensetzung:<\/p>\n<p>Sonnenblume 34%, Perlhirse 33%, gelbe Hirse 33%<\/p>\n<p>Analytische Bestandteile:<\/p>\n<p>Protein 11,5%, Fettgehalt 13,6%, Rohfaser 13,3%, Rohasche 3,7%<\/p>\n<p>50 g<\/p>\n","protected":false},"excerpt":{"rendered":"<p>Erg\u00e4nzungsfuttermittel f\u00fcr Zwergkaninchen und Nager. Nat\u00fcrliche Knabbereien wie in freier Natur. Sonnengereifte Hirsen und Sonnenblumenk\u00f6pfe erfreuen jedes Nagerherz. F\u00fctterungsempfehlung: Zu f\u00fcttern als Snack. Zusammensetzung: Sonnenblume 34%, Perlhirse 33%, gelbe Hirse 33% Analytische Bestandteile: Protein 11,5%, Fettgehalt 13,6%, Rohfaser 13,3%, Rohasche 3,7% 50 g<\/p>\n","protected":false},"featured_media":18647,"comment_status":"closed","ping_status":"open","template":"","meta":[],"product_cat":[14633],"product_tag":[],"class_list":{"0":"post-47813","1":"product","2":"type-product","3":"status-publish","4":"has-post-thumbnail","6":"product_cat-jr-farm-kleintierfutter-snacks-meerschweinchenkleintierwelt-kleintierfutter-snacks-zwergkaninchenkleintierwelt-kleintierfutter-snacks-chinchillakleintierwelt-kleintierfutter-snacks-2","8":"first","9":"instock","10":"taxable","11":"shipping-taxable","12":"purchasable","13":"product-type-simple"},"_links":{"self":[{"href":"https:\/\/all-pets.de\/shop\/wp-json\/wp\/v2\/product\/47813","targetHints":{"allow":["GET"]}}],"collection":[{"href":"https:\/\/all-pets.de\/shop\/wp-json\/wp\/v2\/product"}],"about":[{"href":"https:\/\/all-pets.de\/shop\/wp-json\/wp\/v2\/types\/product"}],"replies":[{"embeddable":true,"href":"https:\/\/all-pets.de\/shop\/wp-json\/wp\/v2\/comments?post=47813"}],"wp:featuredmedia":[{"embeddable":true,"href":"https:\/\/all-pets.de\/shop\/wp-json\/wp\/v2\/media\/18647"}],"wp:attachment":[{"href":"https:\/\/all-pets.de\/shop\/wp-json\/wp\/v2\/media?parent=47813"}],"wp:term":[{"taxonomy":"product_cat","embeddable":true,"href":"https:\/\/all-pets.de\/shop\/wp-json\/wp\/v2\/product_cat?post=47813"},{"taxonomy":"product_tag","embeddable":true,"href":"https:\/\/all-pets.de\/shop\/wp-json\/wp\/v2\/product_tag?post=47813"}],"curies":[{"name":"wp","href":"https:\/\/api.w.org\/{rel}","templated":true}]}}