{"id":47814,"date":"2023-12-12T10:55:51","date_gmt":"2023-12-12T09:55:51","guid":{"rendered":"https:\/\/pet-shopping.de\/shop\/produkt\/jr-farm-ein-stueck-natur-dill-ernte-80g\/"},"modified":"2023-12-12T10:55:53","modified_gmt":"2023-12-12T09:55:53","slug":"jr-farm-ein-stueck-natur-dill-ernte-80g","status":"publish","type":"product","link":"https:\/\/all-pets.de\/shop\/produkt\/jr-farm-ein-stueck-natur-dill-ernte-80g\/","title":{"rendered":"JR Farm Ein St\u00fcck Natur Dill-Ernte 80g"},"content":{"rendered":"<p>Einzelfuttermittel f\u00fcr alle Nager und Zwergkaninchen.<\/p>\n<p>Ein Nagerleben wie in freier Natur mit der gesunden Dillpflanze in seiner urspr\u00fcnglichsten Form. Dill ist besonders aromatisch und f\u00fcr jeden Nager eine nat\u00fcrliche Abwechslung, wie sie sonst nur in freier Natur zu finden ist.<\/p>\n<p>F\u00fctterungsempfehlung:<\/p>\n<p>Je nach Gr\u00f6\u00dfe des Tieres t\u00e4glich einen bis mehrere Fruchtst\u00e4nde in das Nagerheim legen.<\/p>\n<p>80 g<\/p>\n","protected":false},"excerpt":{"rendered":"<p>Einzelfuttermittel f\u00fcr alle Nager und Zwergkaninchen. Ein Nagerleben wie in freier Natur mit der gesunden Dillpflanze in seiner urspr\u00fcnglichsten Form. Dill ist besonders aromatisch und f\u00fcr jeden Nager eine nat\u00fcrliche Abwechslung, wie sie sonst nur in freier Natur zu finden ist. F\u00fctterungsempfehlung: Je nach Gr\u00f6\u00dfe des Tieres t\u00e4glich einen bis mehrere Fruchtst\u00e4nde in das Nagerheim [&hellip;]<\/p>\n","protected":false},"featured_media":15755,"comment_status":"closed","ping_status":"open","template":"","meta":[],"product_cat":[14850],"product_tag":[],"class_list":{"0":"post-47814","1":"product","2":"type-product","3":"status-publish","4":"has-post-thumbnail","6":"product_cat-jr-farm-kleintierfutter-snacks-chinchillakleintierwelt-kleintierfutter-snacks-degukleintierwelt-kleintierfutter-snacks-rattekleintierwelt-2","8":"first","9":"instock","10":"taxable","11":"shipping-taxable","12":"purchasable","13":"product-type-simple"},"_links":{"self":[{"href":"https:\/\/all-pets.de\/shop\/wp-json\/wp\/v2\/product\/47814","targetHints":{"allow":["GET"]}}],"collection":[{"href":"https:\/\/all-pets.de\/shop\/wp-json\/wp\/v2\/product"}],"about":[{"href":"https:\/\/all-pets.de\/shop\/wp-json\/wp\/v2\/types\/product"}],"replies":[{"embeddable":true,"href":"https:\/\/all-pets.de\/shop\/wp-json\/wp\/v2\/comments?post=47814"}],"wp:featuredmedia":[{"embeddable":true,"href":"https:\/\/all-pets.de\/shop\/wp-json\/wp\/v2\/media\/15755"}],"wp:attachment":[{"href":"https:\/\/all-pets.de\/shop\/wp-json\/wp\/v2\/media?parent=47814"}],"wp:term":[{"taxonomy":"product_cat","embeddable":true,"href":"https:\/\/all-pets.de\/shop\/wp-json\/wp\/v2\/product_cat?post=47814"},{"taxonomy":"product_tag","embeddable":true,"href":"https:\/\/all-pets.de\/shop\/wp-json\/wp\/v2\/product_tag?post=47814"}],"curies":[{"name":"wp","href":"https:\/\/api.w.org\/{rel}","templated":true}]}}