{"id":47817,"date":"2023-12-12T10:55:51","date_gmt":"2023-12-12T09:55:51","guid":{"rendered":"https:\/\/pet-shopping.de\/shop\/produkt\/jr-farm-grainless-kraeuter-ball-3er-75g\/"},"modified":"2023-12-12T10:55:54","modified_gmt":"2023-12-12T09:55:54","slug":"jr-farm-grainless-kraeuter-ball-3er-75g","status":"publish","type":"product","link":"https:\/\/all-pets.de\/shop\/produkt\/jr-farm-grainless-kraeuter-ball-3er-75g\/","title":{"rendered":"JR Farm Grainless Kr\u00e4uter-Ball 3er 75g"},"content":{"rendered":"<p>Erg\u00e4nzungsfuttermittel f\u00fcr Zwergkaninchen und Nager.<\/p>\n<p>Getreidefreie Kr\u00e4uter-B\u00e4lle zum Spielen und Knabbern. Mit viel Rohfaser und besonders calciumarm.<\/p>\n<p>F\u00fctterungsempfehlung:<\/p>\n<p>Zu f\u00fcttern als Snack.<\/p>\n<p>Zusammensetzung:<\/p>\n<p>Erbsen, Graspflanzensaat, Kanariengrassaat, Brennnessel, Buchweizen, St\u00e4rke, Petersilie, Karotten, Hanfsaat, Leinsaat, Fenchelsaat, Pfefferminze, L\u00f6wenzahn 1,2%, Schwarzk\u00fcmmel<\/p>\n<p>Analytische Bestandteile:<\/p>\n<p>Protein 18,9%, Fettgehalt 4,3%, Rohfaser 7,0%, Rohasche 4,6%<\/p>\n<p>75 g<\/p>\n","protected":false},"excerpt":{"rendered":"<p>Erg\u00e4nzungsfuttermittel f\u00fcr Zwergkaninchen und Nager. Getreidefreie Kr\u00e4uter-B\u00e4lle zum Spielen und Knabbern. Mit viel Rohfaser und besonders calciumarm. F\u00fctterungsempfehlung: Zu f\u00fcttern als Snack. Zusammensetzung: Erbsen, Graspflanzensaat, Kanariengrassaat, Brennnessel, Buchweizen, St\u00e4rke, Petersilie, Karotten, Hanfsaat, Leinsaat, Fenchelsaat, Pfefferminze, L\u00f6wenzahn 1,2%, Schwarzk\u00fcmmel Analytische Bestandteile: Protein 18,9%, Fettgehalt 4,3%, Rohfaser 7,0%, Rohasche 4,6% 75 g<\/p>\n","protected":false},"featured_media":20564,"comment_status":"closed","ping_status":"open","template":"","meta":[],"product_cat":[14866],"product_tag":[],"class_list":{"0":"post-47817","1":"product","2":"type-product","3":"status-publish","4":"has-post-thumbnail","6":"product_cat-jr-farm-kleintierfutter-snacks-chinchillakleintierwelt-kleintierfutter-snacks-degukleintierwelt-kleintierfutter-snacks-meerschweinchenkleintierwelt-kleintierfutter-snacks-2","8":"first","9":"instock","10":"taxable","11":"shipping-taxable","12":"purchasable","13":"product-type-simple"},"_links":{"self":[{"href":"https:\/\/all-pets.de\/shop\/wp-json\/wp\/v2\/product\/47817","targetHints":{"allow":["GET"]}}],"collection":[{"href":"https:\/\/all-pets.de\/shop\/wp-json\/wp\/v2\/product"}],"about":[{"href":"https:\/\/all-pets.de\/shop\/wp-json\/wp\/v2\/types\/product"}],"replies":[{"embeddable":true,"href":"https:\/\/all-pets.de\/shop\/wp-json\/wp\/v2\/comments?post=47817"}],"wp:featuredmedia":[{"embeddable":true,"href":"https:\/\/all-pets.de\/shop\/wp-json\/wp\/v2\/media\/20564"}],"wp:attachment":[{"href":"https:\/\/all-pets.de\/shop\/wp-json\/wp\/v2\/media?parent=47817"}],"wp:term":[{"taxonomy":"product_cat","embeddable":true,"href":"https:\/\/all-pets.de\/shop\/wp-json\/wp\/v2\/product_cat?post=47817"},{"taxonomy":"product_tag","embeddable":true,"href":"https:\/\/all-pets.de\/shop\/wp-json\/wp\/v2\/product_tag?post=47817"}],"curies":[{"name":"wp","href":"https:\/\/api.w.org\/{rel}","templated":true}]}}