{"id":47837,"date":"2023-12-12T10:55:57","date_gmt":"2023-12-12T09:55:57","guid":{"rendered":"https:\/\/pet-shopping.de\/shop\/produkt\/all-for-paws-dreams-catcher-shamoura-wand-spielangel\/"},"modified":"2023-12-12T10:55:58","modified_gmt":"2023-12-12T09:55:58","slug":"all-for-paws-dreams-catcher-shamoura-wand-spielangel","status":"publish","type":"product","link":"https:\/\/all-pets.de\/shop\/produkt\/all-for-paws-dreams-catcher-shamoura-wand-spielangel\/","title":{"rendered":"All for Paws Dreams Catcher Shamoura Wand Spielangel"},"content":{"rendered":"<p>Die Dreams Catcher Shamoura Wand von All for Paws hat mit ihren nat\u00fcrlichen Farben Potential, das Lieblingsspielzeug deiner Katze zu werden!<\/p>\n<p>Die spannende Spielangel ist mit Federschwanz und Holzperlen best\u00fcckt. Diese tollen Details regen die nat\u00fcrlichen Instinkte der Katze an und verleiten zum ausgelassenen Spiel. <\/p>\n<p>Gr\u00f6\u00dfe: ca. 35 x 13 x 3 cm<\/p>\n<p>M\u00f6gliche Farben: sand, beige und braun<br \/> Eine Farbwahl ist leider nicht m\u00f6glich, da die Farbe je nach Lagerbestand gew\u00e4hlt wird.<\/p>\n","protected":false},"excerpt":{"rendered":"<p>Die Dreams Catcher Shamoura Wand von All for Paws hat mit ihren nat\u00fcrlichen Farben Potential, das Lieblingsspielzeug deiner Katze zu werden! Die spannende Spielangel ist mit Federschwanz und Holzperlen best\u00fcckt. Diese tollen Details regen die nat\u00fcrlichen Instinkte der Katze an und verleiten zum ausgelassenen Spiel. Gr\u00f6\u00dfe: ca. 35 x 13 x 3 cm M\u00f6gliche Farben: [&hellip;]<\/p>\n","protected":false},"featured_media":22986,"comment_status":"closed","ping_status":"open","template":"","meta":[],"product_cat":[13881],"product_tag":[],"class_list":{"0":"post-47837","1":"product","2":"type-product","3":"status-publish","4":"has-post-thumbnail","6":"product_cat-katzenspielangeln-co-katzenspielzeug","8":"first","9":"instock","10":"taxable","11":"shipping-taxable","12":"purchasable","13":"product-type-simple"},"_links":{"self":[{"href":"https:\/\/all-pets.de\/shop\/wp-json\/wp\/v2\/product\/47837","targetHints":{"allow":["GET"]}}],"collection":[{"href":"https:\/\/all-pets.de\/shop\/wp-json\/wp\/v2\/product"}],"about":[{"href":"https:\/\/all-pets.de\/shop\/wp-json\/wp\/v2\/types\/product"}],"replies":[{"embeddable":true,"href":"https:\/\/all-pets.de\/shop\/wp-json\/wp\/v2\/comments?post=47837"}],"wp:featuredmedia":[{"embeddable":true,"href":"https:\/\/all-pets.de\/shop\/wp-json\/wp\/v2\/media\/22986"}],"wp:attachment":[{"href":"https:\/\/all-pets.de\/shop\/wp-json\/wp\/v2\/media?parent=47837"}],"wp:term":[{"taxonomy":"product_cat","embeddable":true,"href":"https:\/\/all-pets.de\/shop\/wp-json\/wp\/v2\/product_cat?post=47837"},{"taxonomy":"product_tag","embeddable":true,"href":"https:\/\/all-pets.de\/shop\/wp-json\/wp\/v2\/product_tag?post=47837"}],"curies":[{"name":"wp","href":"https:\/\/api.w.org\/{rel}","templated":true}]}}