{"id":47845,"date":"2023-12-12T10:56:00","date_gmt":"2023-12-12T09:56:00","guid":{"rendered":"https:\/\/pet-shopping.de\/shop\/produkt\/trixie-nistkasten-im-blumenmotiv\/"},"modified":"2023-12-12T10:56:00","modified_gmt":"2023-12-12T09:56:00","slug":"trixie-nistkasten-im-blumenmotiv","status":"publish","type":"product","link":"https:\/\/all-pets.de\/shop\/produkt\/trixie-nistkasten-im-blumenmotiv\/","title":{"rendered":"Trixie Nistkasten im Blumenmotiv"},"content":{"rendered":"<p>Dieser Nistkasten aus Holz ist mit seinem tollen Design und dem entz\u00fcckenden Blumenmotiv ein echter Hingucker in jedem Garten und bietet z.B. Kohlmeisen oder Kleiber ein sch\u00f6nes Heim.<\/p>\n<p>Der Nistkasten zur festen Montage kann durch die aufklappbare Front m\u00fchelos gereinigt werden.<\/p>\n<p>Ma\u00dfe: ca. 15 x 28 x 14 cm<\/p>\n","protected":false},"excerpt":{"rendered":"<p>Dieser Nistkasten aus Holz ist mit seinem tollen Design und dem entz\u00fcckenden Blumenmotiv ein echter Hingucker in jedem Garten und bietet z.B. Kohlmeisen oder Kleiber ein sch\u00f6nes Heim. Der Nistkasten zur festen Montage kann durch die aufklappbare Front m\u00fchelos gereinigt werden. Ma\u00dfe: ca. 15 x 28 x 14 cm<\/p>\n","protected":false},"featured_media":34418,"comment_status":"closed","ping_status":"open","template":"","meta":[],"product_cat":[14881],"product_tag":[],"class_list":{"0":"post-47845","1":"product","2":"type-product","3":"status-publish","4":"has-post-thumbnail","6":"product_cat-futterhaeuser-nistkaesten-nester-nistmaterialvogelwelt","8":"first","9":"instock","10":"taxable","11":"shipping-taxable","12":"purchasable","13":"product-type-simple"},"_links":{"self":[{"href":"https:\/\/all-pets.de\/shop\/wp-json\/wp\/v2\/product\/47845","targetHints":{"allow":["GET"]}}],"collection":[{"href":"https:\/\/all-pets.de\/shop\/wp-json\/wp\/v2\/product"}],"about":[{"href":"https:\/\/all-pets.de\/shop\/wp-json\/wp\/v2\/types\/product"}],"replies":[{"embeddable":true,"href":"https:\/\/all-pets.de\/shop\/wp-json\/wp\/v2\/comments?post=47845"}],"wp:featuredmedia":[{"embeddable":true,"href":"https:\/\/all-pets.de\/shop\/wp-json\/wp\/v2\/media\/34418"}],"wp:attachment":[{"href":"https:\/\/all-pets.de\/shop\/wp-json\/wp\/v2\/media?parent=47845"}],"wp:term":[{"taxonomy":"product_cat","embeddable":true,"href":"https:\/\/all-pets.de\/shop\/wp-json\/wp\/v2\/product_cat?post=47845"},{"taxonomy":"product_tag","embeddable":true,"href":"https:\/\/all-pets.de\/shop\/wp-json\/wp\/v2\/product_tag?post=47845"}],"curies":[{"name":"wp","href":"https:\/\/api.w.org\/{rel}","templated":true}]}}