{"id":47846,"date":"2023-12-12T10:56:00","date_gmt":"2023-12-12T09:56:00","guid":{"rendered":"https:\/\/pet-shopping.de\/shop\/produkt\/trixie-klappbares-hunde-absperrgitter-gross\/"},"modified":"2023-12-12T10:56:00","modified_gmt":"2023-12-12T09:56:00","slug":"trixie-klappbares-hunde-absperrgitter-gross","status":"publish","type":"product","link":"https:\/\/all-pets.de\/shop\/produkt\/trixie-klappbares-hunde-absperrgitter-gross\/","title":{"rendered":"Trixie klappbares Hunde-Absperrgitter &#8211; Gro\u00df"},"content":{"rendered":"<p>Dieses hochwertige Hunde-Absperrgitter besteht aus lackiertem MDF und erm\u00f6glicht es Ihnen R\u00e4ume, Treppen etc. auch f\u00fcr gro\u00dfe Hunde abzusperren. <\/p>\n<p>Durch die klappbaren Elemente ist das Gitter variabel \u00fcber eine Breite von bis zu 160 cm anpassbar und l\u00e4sst sich ebenso einfach zum Verstauen zusammenklappen. <\/p>\n<p>Ma\u00dfe: ca. 60-160 x 75 cm <br \/> Farbe: wei\u00df<\/p>\n","protected":false},"excerpt":{"rendered":"<p>Dieses hochwertige Hunde-Absperrgitter besteht aus lackiertem MDF und erm\u00f6glicht es Ihnen R\u00e4ume, Treppen etc. auch f\u00fcr gro\u00dfe Hunde abzusperren. Durch die klappbaren Elemente ist das Gitter variabel \u00fcber eine Breite von bis zu 160 cm anpassbar und l\u00e4sst sich ebenso einfach zum Verstauen zusammenklappen. Ma\u00dfe: ca. 60-160 x 75 cm Farbe: wei\u00df<\/p>\n","protected":false},"featured_media":33200,"comment_status":"closed","ping_status":"open","template":"","meta":[],"product_cat":[14874],"product_tag":[],"class_list":{"0":"post-47846","1":"product","2":"type-product","3":"status-publish","4":"has-post-thumbnail","6":"product_cat-hundetueren","8":"first","9":"instock","10":"taxable","11":"shipping-taxable","12":"purchasable","13":"product-type-simple"},"_links":{"self":[{"href":"https:\/\/all-pets.de\/shop\/wp-json\/wp\/v2\/product\/47846","targetHints":{"allow":["GET"]}}],"collection":[{"href":"https:\/\/all-pets.de\/shop\/wp-json\/wp\/v2\/product"}],"about":[{"href":"https:\/\/all-pets.de\/shop\/wp-json\/wp\/v2\/types\/product"}],"replies":[{"embeddable":true,"href":"https:\/\/all-pets.de\/shop\/wp-json\/wp\/v2\/comments?post=47846"}],"wp:featuredmedia":[{"embeddable":true,"href":"https:\/\/all-pets.de\/shop\/wp-json\/wp\/v2\/media\/33200"}],"wp:attachment":[{"href":"https:\/\/all-pets.de\/shop\/wp-json\/wp\/v2\/media?parent=47846"}],"wp:term":[{"taxonomy":"product_cat","embeddable":true,"href":"https:\/\/all-pets.de\/shop\/wp-json\/wp\/v2\/product_cat?post=47846"},{"taxonomy":"product_tag","embeddable":true,"href":"https:\/\/all-pets.de\/shop\/wp-json\/wp\/v2\/product_tag?post=47846"}],"curies":[{"name":"wp","href":"https:\/\/api.w.org\/{rel}","templated":true}]}}