{"id":47854,"date":"2023-12-12T10:56:00","date_gmt":"2023-12-12T09:56:00","guid":{"rendered":"https:\/\/pet-shopping.de\/shop\/produkt\/jr-farm-grainless-one-zwergkaninchen-950g\/"},"modified":"2023-12-12T10:56:02","modified_gmt":"2023-12-12T09:56:02","slug":"jr-farm-grainless-one-zwergkaninchen-950g","status":"publish","type":"product","link":"https:\/\/all-pets.de\/shop\/produkt\/jr-farm-grainless-one-zwergkaninchen-950g\/","title":{"rendered":"JR Farm Grainless One Zwergkaninchen 950g"},"content":{"rendered":"<p>Alleinfuttermittel f\u00fcr Zwergkaninchen.<\/p>\n<p>Grainless One verbindet alle Vorteile eines Monokomponenten Pellets mit den Vorz\u00fcgen einer F\u00fctterung auf Basis langfaseriger Bestandteile: Durch die besonders schonende Verpressung<\/p>\n<p>bleiben bei Grainless One alle Bestandteile in ihrer nat\u00fcrlich Form und mit der ganzen Faser enthalten, gleichzeitig wird einer Selection vorgebeugt.<\/p>\n<p>F\u00fctterungsempfehlung:<\/p>\n<p>Futternapf erst auff\u00fcllen, wenn fast restlos leer. Bitte t\u00e4glich maximal soviel Futter verabreichen, wie in 24 Stunden komplett gefressen wird.<\/p>\n<p>Zusammensetzung:<\/p>\n<p>Aufwuchs von Dauergr\u00fcnland der Alpenvorlandwiesen (bestehend unter anderem aus Wiesen- Lieschgras [Timothy-Gras], Fuchsschwanz, Glatthafer, Knaulgras, Flaumhafer, Wiesenrispe, Rotklee, Scharfer Hahnenfu\u00df, Ruchgras, Wolliges Honiggras, Goldhafer, Schmalbl\u00e4ttrige Wicke, Hopfen-Schneckenklee, L\u00f6wenzahn, Spitzwegerich, Wiesen-Schl\u00fcsselblume, Margerite, G\u00e4nsebl\u00fcmchen, Gro\u00dfe Bibernelle, Wiesenlabkraut, Pastinake, Sauerampfer, Gamander-Ehrenpreis, Gew\u00f6hnliches Hornkraut, Deutsches Weidelgras, Weiche Trespe, Vogelwicke, Zaunwicke,<\/p>\n<p>Dreiz\u00e4hniges Knabenkraut, Knolliger Hahnenfu\u00df, Kleiner Klappertopf, Wiesenkerbel, Schafgarbe), Erbsenflocken, Ackerbohnenflocken, Karotten 5%, Leinsaat, Pastinaken, Haferkraut, Pfefferminze, Spitzwegerich, Ringelblume, Rote Beete, Fenchelsaat, Melisse, Birkenbl\u00e4tter, Himbeerbl\u00e4tter, L\u00f6wenzahn, Schwarzk\u00fcmmel,<\/p>\n<p>Dinkelkraut, Kamille, Gurke, Zucchini<\/p>\n<p>Zusatzstoffe:<\/p>\n<p>ern\u00e4hrungsphysiologische Zusatzstoffe: Vitamin A 13000 IE, Vitamin C 250 mg, Vitamin D3 900 IE, Vitamin E 80 mg<\/p>\n<p>Analytische Bestandteile:<\/p>\n<p>Protein 15,9%, Fettgehalt 5,1%, Rohfaser 19,1%, Rohasche 6,6%<\/p>\n<p>950 g<\/p>\n","protected":false},"excerpt":{"rendered":"<p>Alleinfuttermittel f\u00fcr Zwergkaninchen. Grainless One verbindet alle Vorteile eines Monokomponenten Pellets mit den Vorz\u00fcgen einer F\u00fctterung auf Basis langfaseriger Bestandteile: Durch die besonders schonende Verpressung bleiben bei Grainless One alle Bestandteile in ihrer nat\u00fcrlich Form und mit der ganzen Faser enthalten, gleichzeitig wird einer Selection vorgebeugt. F\u00fctterungsempfehlung: Futternapf erst auff\u00fcllen, wenn fast restlos leer. Bitte [&hellip;]<\/p>\n","protected":false},"featured_media":23368,"comment_status":"closed","ping_status":"open","template":"","meta":[],"product_cat":[14519],"product_tag":[],"class_list":{"0":"post-47854","1":"product","2":"type-product","3":"status-publish","4":"has-post-thumbnail","6":"product_cat-zwergkaninchen-kleintierfutter-snacks-jr-farmkleintierwelt","8":"first","9":"instock","10":"taxable","11":"shipping-taxable","12":"purchasable","13":"product-type-simple"},"_links":{"self":[{"href":"https:\/\/all-pets.de\/shop\/wp-json\/wp\/v2\/product\/47854","targetHints":{"allow":["GET"]}}],"collection":[{"href":"https:\/\/all-pets.de\/shop\/wp-json\/wp\/v2\/product"}],"about":[{"href":"https:\/\/all-pets.de\/shop\/wp-json\/wp\/v2\/types\/product"}],"replies":[{"embeddable":true,"href":"https:\/\/all-pets.de\/shop\/wp-json\/wp\/v2\/comments?post=47854"}],"wp:featuredmedia":[{"embeddable":true,"href":"https:\/\/all-pets.de\/shop\/wp-json\/wp\/v2\/media\/23368"}],"wp:attachment":[{"href":"https:\/\/all-pets.de\/shop\/wp-json\/wp\/v2\/media?parent=47854"}],"wp:term":[{"taxonomy":"product_cat","embeddable":true,"href":"https:\/\/all-pets.de\/shop\/wp-json\/wp\/v2\/product_cat?post=47854"},{"taxonomy":"product_tag","embeddable":true,"href":"https:\/\/all-pets.de\/shop\/wp-json\/wp\/v2\/product_tag?post=47854"}],"curies":[{"name":"wp","href":"https:\/\/api.w.org\/{rel}","templated":true}]}}