{"id":47856,"date":"2023-12-12T10:56:00","date_gmt":"2023-12-12T09:56:00","guid":{"rendered":"https:\/\/pet-shopping.de\/shop\/produkt\/trixie-ballschleuder-mit-blinkball-schwimmt\/"},"modified":"2023-12-12T10:56:02","modified_gmt":"2023-12-12T09:56:02","slug":"trixie-ballschleuder-mit-blinkball-schwimmt","status":"publish","type":"product","link":"https:\/\/all-pets.de\/shop\/produkt\/trixie-ballschleuder-mit-blinkball-schwimmt\/","title":{"rendered":"Trixie Ballschleuder mit Blinkball, schwimmt"},"content":{"rendered":"<p>Mit der Ballschleuder k\u00f6nnen Sie den Blinkball aus schwimmf\u00e4higem TPR ohne Kraftaufwand sehr weit schleudern. So macht das Ballspiel Ihrem Vierbeiner gleich viel mehr Spa\u00df und Sie bekommen keine schmutzigen H\u00e4nde mehr.<\/p>\n<p>Beim Aufprall auf den Boden wird au\u00dferdem das Blinken des Balles aktiviert (Leuchtdauer ca. 50 Stunden).<\/p>\n<p>L\u00e4nge der Schleuder: ca. 50 cm<br \/> Balldurchmesser: ca. 6 cm<\/p>\n","protected":false},"excerpt":{"rendered":"<p>Mit der Ballschleuder k\u00f6nnen Sie den Blinkball aus schwimmf\u00e4higem TPR ohne Kraftaufwand sehr weit schleudern. So macht das Ballspiel Ihrem Vierbeiner gleich viel mehr Spa\u00df und Sie bekommen keine schmutzigen H\u00e4nde mehr. Beim Aufprall auf den Boden wird au\u00dferdem das Blinken des Balles aktiviert (Leuchtdauer ca. 50 Stunden). L\u00e4nge der Schleuder: ca. 50 cm Balldurchmesser: [&hellip;]<\/p>\n","protected":false},"featured_media":33817,"comment_status":"closed","ping_status":"open","template":"","meta":[],"product_cat":[14893],"product_tag":[],"class_list":{"0":"post-47856","1":"product","2":"type-product","3":"status-publish","4":"has-post-thumbnail","6":"product_cat-leuchtspielzeug-hundespielzeug-sport-hundebaellehundewelt-hundespielzeug-sport-hundewurfspielzeughundewelt-hundewurfspielzeughundewelt","8":"first","9":"instock","10":"taxable","11":"shipping-taxable","12":"purchasable","13":"product-type-simple"},"_links":{"self":[{"href":"https:\/\/all-pets.de\/shop\/wp-json\/wp\/v2\/product\/47856","targetHints":{"allow":["GET"]}}],"collection":[{"href":"https:\/\/all-pets.de\/shop\/wp-json\/wp\/v2\/product"}],"about":[{"href":"https:\/\/all-pets.de\/shop\/wp-json\/wp\/v2\/types\/product"}],"replies":[{"embeddable":true,"href":"https:\/\/all-pets.de\/shop\/wp-json\/wp\/v2\/comments?post=47856"}],"wp:featuredmedia":[{"embeddable":true,"href":"https:\/\/all-pets.de\/shop\/wp-json\/wp\/v2\/media\/33817"}],"wp:attachment":[{"href":"https:\/\/all-pets.de\/shop\/wp-json\/wp\/v2\/media?parent=47856"}],"wp:term":[{"taxonomy":"product_cat","embeddable":true,"href":"https:\/\/all-pets.de\/shop\/wp-json\/wp\/v2\/product_cat?post=47856"},{"taxonomy":"product_tag","embeddable":true,"href":"https:\/\/all-pets.de\/shop\/wp-json\/wp\/v2\/product_tag?post=47856"}],"curies":[{"name":"wp","href":"https:\/\/api.w.org\/{rel}","templated":true}]}}