{"id":47857,"date":"2023-12-12T10:56:00","date_gmt":"2023-12-12T09:56:00","guid":{"rendered":"https:\/\/pet-shopping.de\/shop\/produkt\/karlie-flamingo-kratzmatte-mit-klettverschluss-30-x-44-cm\/"},"modified":"2023-12-12T10:56:02","modified_gmt":"2023-12-12T09:56:02","slug":"karlie-flamingo-kratzmatte-mit-klettverschluss-30-x-44-cm","status":"publish","type":"product","link":"https:\/\/all-pets.de\/shop\/produkt\/karlie-flamingo-kratzmatte-mit-klettverschluss-30-x-44-cm\/","title":{"rendered":"Karlie Flamingo Kratzmatte mit Klettverschluss &#8211; 30 x 44 cm"},"content":{"rendered":"<p>Diese vielseitige Kratzmatte bietet verschiedene Einsatzm\u00f6glichkeiten. Der Kreativit\u00e4t sind keine Grenzen gesetzt. Dadurch dass die Matte so flexibel ist und zus\u00e4tzlich mit Klettverschlussstreifen best\u00fcckt ist, l\u00e4sst sie sich zum Beispiel problemlos um ein Tischbein wickeln und dort befestigen. Sie kann aber auch flach genutzt werden. Platzieren Sie die Matte einfach dort, wo Ihre Katze gerne kratzt und sch\u00fctzen Sie so Ihre M\u00f6bel vor den scharfen Krallen. <\/p>\n<p>Gr\u00f6\u00dfe: ca. 30 x 44 cm<\/p>\n","protected":false},"excerpt":{"rendered":"<p>Diese vielseitige Kratzmatte bietet verschiedene Einsatzm\u00f6glichkeiten. Der Kreativit\u00e4t sind keine Grenzen gesetzt. Dadurch dass die Matte so flexibel ist und zus\u00e4tzlich mit Klettverschlussstreifen best\u00fcckt ist, l\u00e4sst sie sich zum Beispiel problemlos um ein Tischbein wickeln und dort befestigen. Sie kann aber auch flach genutzt werden. Platzieren Sie die Matte einfach dort, wo Ihre Katze gerne [&hellip;]<\/p>\n","protected":false},"featured_media":20711,"comment_status":"closed","ping_status":"open","template":"","meta":[],"product_cat":[13695],"product_tag":[],"class_list":{"0":"post-47857","1":"product","2":"type-product","3":"status-publish","4":"has-post-thumbnail","6":"product_cat-kratzbaeume-moebel-kratzbretter-artikelkatzenwelt-kratzbaeume-moebel","8":"first","9":"instock","10":"taxable","11":"shipping-taxable","12":"purchasable","13":"product-type-simple"},"_links":{"self":[{"href":"https:\/\/all-pets.de\/shop\/wp-json\/wp\/v2\/product\/47857","targetHints":{"allow":["GET"]}}],"collection":[{"href":"https:\/\/all-pets.de\/shop\/wp-json\/wp\/v2\/product"}],"about":[{"href":"https:\/\/all-pets.de\/shop\/wp-json\/wp\/v2\/types\/product"}],"replies":[{"embeddable":true,"href":"https:\/\/all-pets.de\/shop\/wp-json\/wp\/v2\/comments?post=47857"}],"wp:featuredmedia":[{"embeddable":true,"href":"https:\/\/all-pets.de\/shop\/wp-json\/wp\/v2\/media\/20711"}],"wp:attachment":[{"href":"https:\/\/all-pets.de\/shop\/wp-json\/wp\/v2\/media?parent=47857"}],"wp:term":[{"taxonomy":"product_cat","embeddable":true,"href":"https:\/\/all-pets.de\/shop\/wp-json\/wp\/v2\/product_cat?post=47857"},{"taxonomy":"product_tag","embeddable":true,"href":"https:\/\/all-pets.de\/shop\/wp-json\/wp\/v2\/product_tag?post=47857"}],"curies":[{"name":"wp","href":"https:\/\/api.w.org\/{rel}","templated":true}]}}