{"id":47858,"date":"2023-12-12T10:56:00","date_gmt":"2023-12-12T09:56:00","guid":{"rendered":"https:\/\/pet-shopping.de\/shop\/produkt\/karlie-flamingo-tpr-leine-100-cm-orange\/"},"modified":"2023-12-12T10:56:02","modified_gmt":"2023-12-12T09:56:02","slug":"karlie-flamingo-tpr-leine-100-cm-orange","status":"publish","type":"product","link":"https:\/\/all-pets.de\/shop\/produkt\/karlie-flamingo-tpr-leine-100-cm-orange\/","title":{"rendered":"Karlie Flamingo TPR Leine 100 cm &#8211; Orange"},"content":{"rendered":"<p>Diese Leine hat eine L\u00e4nge von ca. 100 cm und eine Breite von ca. 15 mm.<\/p>\n<p>Die neuen TPR Halsb\u00e4nder und Leinen von Karlie Flamingo bieten gegen\u00fcber konventionellen Artikeln einige tolle Vorteile:<\/p>\n<p>Sie sind:<br \/> &#8211; antibakteriell<br \/> &#8211; geruchsneutral<br \/> &#8211; besonders strapazierf\u00e4hig<br \/> &#8211; wasserdicht<br \/> &#8211; und bleiben auch bei kaltem Wetter flexibel<\/p>\n<p>Au\u00dferdem sind Sie mit der orangen Signalfarbe gut sichtbar und bieten Ihnen und Ihrem Tier so mehr Sicherheit.<\/p>\n<p>Farbe: Orange<\/p>\n","protected":false},"excerpt":{"rendered":"<p>Diese Leine hat eine L\u00e4nge von ca. 100 cm und eine Breite von ca. 15 mm. Die neuen TPR Halsb\u00e4nder und Leinen von Karlie Flamingo bieten gegen\u00fcber konventionellen Artikeln einige tolle Vorteile: Sie sind: &#8211; antibakteriell &#8211; geruchsneutral &#8211; besonders strapazierf\u00e4hig &#8211; wasserdicht &#8211; und bleiben auch bei kaltem Wetter flexibel Au\u00dferdem sind Sie mit [&hellip;]<\/p>\n","protected":false},"featured_media":35228,"comment_status":"closed","ping_status":"open","template":"","meta":[],"product_cat":[14033],"product_tag":[],"class_list":{"0":"post-47858","1":"product","2":"type-product","3":"status-publish","4":"has-post-thumbnail","6":"product_cat-weitere-leinen-leinen","8":"first","9":"instock","10":"taxable","11":"shipping-taxable","12":"purchasable","13":"product-type-simple"},"_links":{"self":[{"href":"https:\/\/all-pets.de\/shop\/wp-json\/wp\/v2\/product\/47858","targetHints":{"allow":["GET"]}}],"collection":[{"href":"https:\/\/all-pets.de\/shop\/wp-json\/wp\/v2\/product"}],"about":[{"href":"https:\/\/all-pets.de\/shop\/wp-json\/wp\/v2\/types\/product"}],"replies":[{"embeddable":true,"href":"https:\/\/all-pets.de\/shop\/wp-json\/wp\/v2\/comments?post=47858"}],"wp:featuredmedia":[{"embeddable":true,"href":"https:\/\/all-pets.de\/shop\/wp-json\/wp\/v2\/media\/35228"}],"wp:attachment":[{"href":"https:\/\/all-pets.de\/shop\/wp-json\/wp\/v2\/media?parent=47858"}],"wp:term":[{"taxonomy":"product_cat","embeddable":true,"href":"https:\/\/all-pets.de\/shop\/wp-json\/wp\/v2\/product_cat?post=47858"},{"taxonomy":"product_tag","embeddable":true,"href":"https:\/\/all-pets.de\/shop\/wp-json\/wp\/v2\/product_tag?post=47858"}],"curies":[{"name":"wp","href":"https:\/\/api.w.org\/{rel}","templated":true}]}}