{"id":47861,"date":"2023-12-12T10:56:00","date_gmt":"2023-12-12T09:56:00","guid":{"rendered":"https:\/\/pet-shopping.de\/shop\/produkt\/karlie-flamingo-edelstahl-katzennapf-inox-190-ml\/"},"modified":"2023-12-12T10:56:02","modified_gmt":"2023-12-12T09:56:02","slug":"karlie-flamingo-edelstahl-katzennapf-inox-190-ml","status":"publish","type":"product","link":"https:\/\/all-pets.de\/shop\/produkt\/karlie-flamingo-edelstahl-katzennapf-inox-190-ml\/","title":{"rendered":"Karlie Flamingo Edelstahl-Katzennapf Inox &#8211; 190 ml"},"content":{"rendered":"<p>Edelstahlnapf f\u00fcr Katzen mit Anti-Rutsch-Gummiring f\u00fcr einen sicheren Stand. Edelstahln\u00e4pfe sind einfach zu reinigen und bieten Ihrer katze einen hygienischen Futterplatz.<\/p>\n<p>Fassungsverm\u00f6gen: ca. 190 ml<br \/> Durchmesser unten: ca. 15 cm<br \/> Durchmesser oben: ca. 11 cm<\/p>\n","protected":false},"excerpt":{"rendered":"<p>Edelstahlnapf f\u00fcr Katzen mit Anti-Rutsch-Gummiring f\u00fcr einen sicheren Stand. Edelstahln\u00e4pfe sind einfach zu reinigen und bieten Ihrer katze einen hygienischen Futterplatz. Fassungsverm\u00f6gen: ca. 190 ml Durchmesser unten: ca. 15 cm Durchmesser oben: ca. 11 cm<\/p>\n","protected":false},"featured_media":19524,"comment_status":"closed","ping_status":"open","template":"","meta":[],"product_cat":[13740],"product_tag":[],"class_list":{"0":"post-47861","1":"product","2":"type-product","3":"status-publish","4":"has-post-thumbnail","6":"product_cat-futter-wassernaepfe","8":"first","9":"instock","10":"taxable","11":"shipping-taxable","12":"purchasable","13":"product-type-simple"},"_links":{"self":[{"href":"https:\/\/all-pets.de\/shop\/wp-json\/wp\/v2\/product\/47861","targetHints":{"allow":["GET"]}}],"collection":[{"href":"https:\/\/all-pets.de\/shop\/wp-json\/wp\/v2\/product"}],"about":[{"href":"https:\/\/all-pets.de\/shop\/wp-json\/wp\/v2\/types\/product"}],"replies":[{"embeddable":true,"href":"https:\/\/all-pets.de\/shop\/wp-json\/wp\/v2\/comments?post=47861"}],"wp:featuredmedia":[{"embeddable":true,"href":"https:\/\/all-pets.de\/shop\/wp-json\/wp\/v2\/media\/19524"}],"wp:attachment":[{"href":"https:\/\/all-pets.de\/shop\/wp-json\/wp\/v2\/media?parent=47861"}],"wp:term":[{"taxonomy":"product_cat","embeddable":true,"href":"https:\/\/all-pets.de\/shop\/wp-json\/wp\/v2\/product_cat?post=47861"},{"taxonomy":"product_tag","embeddable":true,"href":"https:\/\/all-pets.de\/shop\/wp-json\/wp\/v2\/product_tag?post=47861"}],"curies":[{"name":"wp","href":"https:\/\/api.w.org\/{rel}","templated":true}]}}