{"id":47862,"date":"2023-12-12T10:56:00","date_gmt":"2023-12-12T09:56:00","guid":{"rendered":"https:\/\/pet-shopping.de\/shop\/produkt\/trixie-catnip-fisch-aus-pluesch-inkl-catnip\/"},"modified":"2023-12-12T10:56:02","modified_gmt":"2023-12-12T09:56:02","slug":"trixie-catnip-fisch-aus-pluesch-inkl-catnip","status":"publish","type":"product","link":"https:\/\/all-pets.de\/shop\/produkt\/trixie-catnip-fisch-aus-pluesch-inkl-catnip\/","title":{"rendered":"Trixie Catnip-Fisch aus Pl\u00fcsch inkl. Catnip"},"content":{"rendered":"<p>Dieser lustige Fisch aus Pl\u00fcsch l\u00e4sst sich durch sein mit Klettverschluss zu \u00f6ffnendes Maul einfach mit Catnip bef\u00fcllen und sorgt dann f\u00fcr ausgelassene Spielstunden. Ein R\u00f6hrchen mit Catnip zum Nachf\u00fcllen ist inklusive.<\/p>\n<p>Gr\u00f6\u00dfe: ca. 12 cm<\/p>\n<p>Diverse Farben. Eine Farbwahl ist leider nicht m\u00f6glich, da die Farbe je nach Lagerbestand gew\u00e4hlt wird. <\/p>\n","protected":false},"excerpt":{"rendered":"<p>Dieser lustige Fisch aus Pl\u00fcsch l\u00e4sst sich durch sein mit Klettverschluss zu \u00f6ffnendes Maul einfach mit Catnip bef\u00fcllen und sorgt dann f\u00fcr ausgelassene Spielstunden. Ein R\u00f6hrchen mit Catnip zum Nachf\u00fcllen ist inklusive. Gr\u00f6\u00dfe: ca. 12 cm Diverse Farben. Eine Farbwahl ist leider nicht m\u00f6glich, da die Farbe je nach Lagerbestand gew\u00e4hlt wird.<\/p>\n","protected":false},"featured_media":31241,"comment_status":"closed","ping_status":"open","template":"","meta":[],"product_cat":[13702],"product_tag":[],"class_list":{"0":"post-47862","1":"product","2":"type-product","3":"status-publish","4":"has-post-thumbnail","6":"product_cat-catnip-baldrian-spielzeug-katzenspielzeug","8":"first","9":"instock","10":"taxable","11":"shipping-taxable","12":"purchasable","13":"product-type-simple"},"_links":{"self":[{"href":"https:\/\/all-pets.de\/shop\/wp-json\/wp\/v2\/product\/47862","targetHints":{"allow":["GET"]}}],"collection":[{"href":"https:\/\/all-pets.de\/shop\/wp-json\/wp\/v2\/product"}],"about":[{"href":"https:\/\/all-pets.de\/shop\/wp-json\/wp\/v2\/types\/product"}],"replies":[{"embeddable":true,"href":"https:\/\/all-pets.de\/shop\/wp-json\/wp\/v2\/comments?post=47862"}],"wp:featuredmedia":[{"embeddable":true,"href":"https:\/\/all-pets.de\/shop\/wp-json\/wp\/v2\/media\/31241"}],"wp:attachment":[{"href":"https:\/\/all-pets.de\/shop\/wp-json\/wp\/v2\/media?parent=47862"}],"wp:term":[{"taxonomy":"product_cat","embeddable":true,"href":"https:\/\/all-pets.de\/shop\/wp-json\/wp\/v2\/product_cat?post=47862"},{"taxonomy":"product_tag","embeddable":true,"href":"https:\/\/all-pets.de\/shop\/wp-json\/wp\/v2\/product_tag?post=47862"}],"curies":[{"name":"wp","href":"https:\/\/api.w.org\/{rel}","templated":true}]}}