{"id":47863,"date":"2023-12-12T10:56:00","date_gmt":"2023-12-12T09:56:00","guid":{"rendered":"https:\/\/pet-shopping.de\/shop\/produkt\/trixie-plueschspielzeug-maus-17-cm\/"},"modified":"2023-12-12T10:56:02","modified_gmt":"2023-12-12T09:56:02","slug":"trixie-plueschspielzeug-maus-17-cm","status":"publish","type":"product","link":"https:\/\/all-pets.de\/shop\/produkt\/trixie-plueschspielzeug-maus-17-cm\/","title":{"rendered":"Trixie Pl\u00fcschspielzeug Maus &#8211; 17 cm"},"content":{"rendered":"<p>Die s\u00fc\u00dfe Pl\u00fcschmaus mit Stimme eignet sich ganz toll zum Schmusen und Spielen und sucht einen vierbeinigen Freund. <\/p>\n<p>Gr\u00f6\u00dfe: ca. 17 cm<\/p>\n","protected":false},"excerpt":{"rendered":"<p>Die s\u00fc\u00dfe Pl\u00fcschmaus mit Stimme eignet sich ganz toll zum Schmusen und Spielen und sucht einen vierbeinigen Freund. Gr\u00f6\u00dfe: ca. 17 cm<\/p>\n","protected":false},"featured_media":23173,"comment_status":"closed","ping_status":"open","template":"","meta":[],"product_cat":[13828],"product_tag":[],"class_list":{"0":"post-47863","1":"product","2":"type-product","3":"status-publish","4":"has-post-thumbnail","6":"product_cat-plueschspielzeug-hundespielzeug-sport","8":"first","9":"instock","10":"taxable","11":"shipping-taxable","12":"purchasable","13":"product-type-simple"},"_links":{"self":[{"href":"https:\/\/all-pets.de\/shop\/wp-json\/wp\/v2\/product\/47863","targetHints":{"allow":["GET"]}}],"collection":[{"href":"https:\/\/all-pets.de\/shop\/wp-json\/wp\/v2\/product"}],"about":[{"href":"https:\/\/all-pets.de\/shop\/wp-json\/wp\/v2\/types\/product"}],"replies":[{"embeddable":true,"href":"https:\/\/all-pets.de\/shop\/wp-json\/wp\/v2\/comments?post=47863"}],"wp:featuredmedia":[{"embeddable":true,"href":"https:\/\/all-pets.de\/shop\/wp-json\/wp\/v2\/media\/23173"}],"wp:attachment":[{"href":"https:\/\/all-pets.de\/shop\/wp-json\/wp\/v2\/media?parent=47863"}],"wp:term":[{"taxonomy":"product_cat","embeddable":true,"href":"https:\/\/all-pets.de\/shop\/wp-json\/wp\/v2\/product_cat?post=47863"},{"taxonomy":"product_tag","embeddable":true,"href":"https:\/\/all-pets.de\/shop\/wp-json\/wp\/v2\/product_tag?post=47863"}],"curies":[{"name":"wp","href":"https:\/\/api.w.org\/{rel}","templated":true}]}}