{"id":47864,"date":"2023-12-12T10:56:04","date_gmt":"2023-12-12T09:56:04","guid":{"rendered":"https:\/\/pet-shopping.de\/shop\/produkt\/trixie-trocken-schaum-shampoo-230-ml\/"},"modified":"2023-12-12T10:56:04","modified_gmt":"2023-12-12T09:56:04","slug":"trixie-trocken-schaum-shampoo-230-ml","status":"publish","type":"product","link":"https:\/\/all-pets.de\/shop\/produkt\/trixie-trocken-schaum-shampoo-230-ml\/","title":{"rendered":"Trixie Trocken-Schaum-Shampoo &#8211; 230 ml"},"content":{"rendered":"<p>Das Trocken-Schaum-Shampoo eignet sich besonders gut f\u00fcr wasserscheue Hunde und Katzen oder solche, die wegen Krankheit nicht gebadet werden k\u00f6nnen. Ebenso optimal kann es f\u00fcr unterwegs und auf Reisen genutzt werden.<\/p>\n<p>Das Shampoo ist leicht zu dosieren und der duftende Schaum neutralisiert schlechte Ger\u00fcche, desodoriert und reinigt sanft das Fell. Das Trocken-Schaum-Shampoo eignet sich auch f\u00fcr Jungtiere ab 12 Wochen.<\/p>\n<p>Inhalt: ca. 230 ml<\/p>\n","protected":false},"excerpt":{"rendered":"<p>Das Trocken-Schaum-Shampoo eignet sich besonders gut f\u00fcr wasserscheue Hunde und Katzen oder solche, die wegen Krankheit nicht gebadet werden k\u00f6nnen. Ebenso optimal kann es f\u00fcr unterwegs und auf Reisen genutzt werden. Das Shampoo ist leicht zu dosieren und der duftende Schaum neutralisiert schlechte Ger\u00fcche, desodoriert und reinigt sanft das Fell. Das Trocken-Schaum-Shampoo eignet sich auch [&hellip;]<\/p>\n","protected":false},"featured_media":35798,"comment_status":"closed","ping_status":"open","template":"","meta":[],"product_cat":[14894],"product_tag":[],"class_list":{"0":"post-47864","1":"product","2":"type-product","3":"status-publish","4":"has-post-thumbnail","6":"product_cat-shampoos-fellpflege-pflege-gesundheit-shampooshundewelt-fellpflege-pflege-gesundheit-katzenwelt","8":"first","9":"instock","10":"taxable","11":"shipping-taxable","12":"purchasable","13":"product-type-simple"},"_links":{"self":[{"href":"https:\/\/all-pets.de\/shop\/wp-json\/wp\/v2\/product\/47864","targetHints":{"allow":["GET"]}}],"collection":[{"href":"https:\/\/all-pets.de\/shop\/wp-json\/wp\/v2\/product"}],"about":[{"href":"https:\/\/all-pets.de\/shop\/wp-json\/wp\/v2\/types\/product"}],"replies":[{"embeddable":true,"href":"https:\/\/all-pets.de\/shop\/wp-json\/wp\/v2\/comments?post=47864"}],"wp:featuredmedia":[{"embeddable":true,"href":"https:\/\/all-pets.de\/shop\/wp-json\/wp\/v2\/media\/35798"}],"wp:attachment":[{"href":"https:\/\/all-pets.de\/shop\/wp-json\/wp\/v2\/media?parent=47864"}],"wp:term":[{"taxonomy":"product_cat","embeddable":true,"href":"https:\/\/all-pets.de\/shop\/wp-json\/wp\/v2\/product_cat?post=47864"},{"taxonomy":"product_tag","embeddable":true,"href":"https:\/\/all-pets.de\/shop\/wp-json\/wp\/v2\/product_tag?post=47864"}],"curies":[{"name":"wp","href":"https:\/\/api.w.org\/{rel}","templated":true}]}}