{"id":47866,"date":"2023-12-12T10:56:04","date_gmt":"2023-12-12T09:56:04","guid":{"rendered":"https:\/\/pet-shopping.de\/shop\/produkt\/trixie-unterstand-holzhaus-geflammt\/"},"modified":"2023-12-12T10:56:04","modified_gmt":"2023-12-12T09:56:04","slug":"trixie-unterstand-holzhaus-geflammt","status":"publish","type":"product","link":"https:\/\/all-pets.de\/shop\/produkt\/trixie-unterstand-holzhaus-geflammt\/","title":{"rendered":"Trixie Unterstand \/ Holzhaus, geflammt"},"content":{"rendered":"<p>Dieser Unterstand aus geflammtem Holz sieht nicht nur sehr ansprechend aus, sondern stellt f\u00fcr Ihr Kleintier auch einen optimalen R\u00fcckzugsort, sowie einen erh\u00f6hten Liegeplatz dar.<\/p>\n<p>Ein tolles Zubeh\u00f6r f\u00fcr die Gestaltung einer tiergerechten Umwelt!<\/p>\n<p>Das Haus eignet sich z. B. f\u00fcr Kaninchen und Meerschweinchen.<br \/> Ma\u00dfe: ca. 50 x 26 x 31 cm<\/p>\n","protected":false},"excerpt":{"rendered":"<p>Dieser Unterstand aus geflammtem Holz sieht nicht nur sehr ansprechend aus, sondern stellt f\u00fcr Ihr Kleintier auch einen optimalen R\u00fcckzugsort, sowie einen erh\u00f6hten Liegeplatz dar. Ein tolles Zubeh\u00f6r f\u00fcr die Gestaltung einer tiergerechten Umwelt! Das Haus eignet sich z. B. f\u00fcr Kaninchen und Meerschweinchen. Ma\u00dfe: ca. 50 x 26 x 31 cm<\/p>\n","protected":false},"featured_media":27528,"comment_status":"closed","ping_status":"open","template":"","meta":[],"product_cat":[13693],"product_tag":[],"class_list":{"0":"post-47866","1":"product","2":"type-product","3":"status-publish","4":"has-post-thumbnail","6":"product_cat-holzhaeuser","8":"first","9":"instock","10":"taxable","11":"shipping-taxable","12":"purchasable","13":"product-type-simple"},"_links":{"self":[{"href":"https:\/\/all-pets.de\/shop\/wp-json\/wp\/v2\/product\/47866","targetHints":{"allow":["GET"]}}],"collection":[{"href":"https:\/\/all-pets.de\/shop\/wp-json\/wp\/v2\/product"}],"about":[{"href":"https:\/\/all-pets.de\/shop\/wp-json\/wp\/v2\/types\/product"}],"replies":[{"embeddable":true,"href":"https:\/\/all-pets.de\/shop\/wp-json\/wp\/v2\/comments?post=47866"}],"wp:featuredmedia":[{"embeddable":true,"href":"https:\/\/all-pets.de\/shop\/wp-json\/wp\/v2\/media\/27528"}],"wp:attachment":[{"href":"https:\/\/all-pets.de\/shop\/wp-json\/wp\/v2\/media?parent=47866"}],"wp:term":[{"taxonomy":"product_cat","embeddable":true,"href":"https:\/\/all-pets.de\/shop\/wp-json\/wp\/v2\/product_cat?post=47866"},{"taxonomy":"product_tag","embeddable":true,"href":"https:\/\/all-pets.de\/shop\/wp-json\/wp\/v2\/product_tag?post=47866"}],"curies":[{"name":"wp","href":"https:\/\/api.w.org\/{rel}","templated":true}]}}