{"id":47868,"date":"2023-12-12T10:56:04","date_gmt":"2023-12-12T09:56:04","guid":{"rendered":"https:\/\/pet-shopping.de\/shop\/produkt\/karlie-flamingo-xmas-geschenk-socke-fuer-hunde-rot\/"},"modified":"2023-12-12T10:56:04","modified_gmt":"2023-12-12T09:56:04","slug":"karlie-flamingo-xmas-geschenk-socke-fuer-hunde-rot","status":"publish","type":"product","link":"https:\/\/all-pets.de\/shop\/produkt\/karlie-flamingo-xmas-geschenk-socke-fuer-hunde-rot\/","title":{"rendered":"Karlie Flamingo Xmas-Geschenk Socke f\u00fcr Hunde &#8211; rot"},"content":{"rendered":"<p>Das Xmas Weihnachtssortiment Socke ist das ideale Weihnachts- oder auch Nikolaus-Geschenk f\u00fcr Ihren Hund!<\/p>\n<p>Machen Sie Ihrem Vierbeiner zum Fest auch eine Freude! Dieses Geschenk-Set in der praktischen Kunststoff-Tasche in Sockenform bietet alles, was das Hundeherz h\u00f6her schlagen l\u00e4sst. Enthalten sind ein Baumwollseil mit Knoten, ein Gummiknochen zur Mundhygiene, ein Ball und zwei Pl\u00fcschspielzeuge.<\/p>\n<p>Damit wird Weihnachten auch f\u00fcr Ihren Hund zu einem Fest!<\/p>\n","protected":false},"excerpt":{"rendered":"<p>Das Xmas Weihnachtssortiment Socke ist das ideale Weihnachts- oder auch Nikolaus-Geschenk f\u00fcr Ihren Hund! Machen Sie Ihrem Vierbeiner zum Fest auch eine Freude! Dieses Geschenk-Set in der praktischen Kunststoff-Tasche in Sockenform bietet alles, was das Hundeherz h\u00f6her schlagen l\u00e4sst. Enthalten sind ein Baumwollseil mit Knoten, ein Gummiknochen zur Mundhygiene, ein Ball und zwei Pl\u00fcschspielzeuge. Damit [&hellip;]<\/p>\n","protected":false},"featured_media":4886,"comment_status":"closed","ping_status":"open","template":"","meta":[],"product_cat":[14902],"product_tag":[],"class_list":{"0":"post-47868","1":"product","2":"type-product","3":"status-publish","4":"has-post-thumbnail","6":"product_cat-weitere-spielzeuge-hundespielzeug-sport-2","8":"first","9":"instock","10":"taxable","11":"shipping-taxable","12":"purchasable","13":"product-type-simple"},"_links":{"self":[{"href":"https:\/\/all-pets.de\/shop\/wp-json\/wp\/v2\/product\/47868","targetHints":{"allow":["GET"]}}],"collection":[{"href":"https:\/\/all-pets.de\/shop\/wp-json\/wp\/v2\/product"}],"about":[{"href":"https:\/\/all-pets.de\/shop\/wp-json\/wp\/v2\/types\/product"}],"replies":[{"embeddable":true,"href":"https:\/\/all-pets.de\/shop\/wp-json\/wp\/v2\/comments?post=47868"}],"wp:featuredmedia":[{"embeddable":true,"href":"https:\/\/all-pets.de\/shop\/wp-json\/wp\/v2\/media\/4886"}],"wp:attachment":[{"href":"https:\/\/all-pets.de\/shop\/wp-json\/wp\/v2\/media?parent=47868"}],"wp:term":[{"taxonomy":"product_cat","embeddable":true,"href":"https:\/\/all-pets.de\/shop\/wp-json\/wp\/v2\/product_cat?post=47868"},{"taxonomy":"product_tag","embeddable":true,"href":"https:\/\/all-pets.de\/shop\/wp-json\/wp\/v2\/product_tag?post=47868"}],"curies":[{"name":"wp","href":"https:\/\/api.w.org\/{rel}","templated":true}]}}