{"id":47873,"date":"2023-12-12T10:56:04","date_gmt":"2023-12-12T09:56:04","guid":{"rendered":"https:\/\/pet-shopping.de\/shop\/produkt\/all-for-paws-little-buddy-keekee-bird\/"},"modified":"2023-12-12T10:56:05","modified_gmt":"2023-12-12T09:56:05","slug":"all-for-paws-little-buddy-keekee-bird","status":"publish","type":"product","link":"https:\/\/all-pets.de\/shop\/produkt\/all-for-paws-little-buddy-keekee-bird\/","title":{"rendered":"All for Paws Little Buddy &#8211; Keekee Bird"},"content":{"rendered":"<p>Ihr kleiner Liebling wird diesen s\u00fc\u00dfen und kuscheligen Vogel lieben! Das Schmusetier mit Bei\u00dfring speziell f\u00fcr Welpen eignet sich ideal zum Herumtragen, Schmusen und Liebhaben!<\/p>\n<p>Gr\u00f6\u00dfe: ca. 25 x 14 x 8 cm<br \/> Farbe: Rosa<\/p>\n","protected":false},"excerpt":{"rendered":"<p>Ihr kleiner Liebling wird diesen s\u00fc\u00dfen und kuscheligen Vogel lieben! Das Schmusetier mit Bei\u00dfring speziell f\u00fcr Welpen eignet sich ideal zum Herumtragen, Schmusen und Liebhaben! Gr\u00f6\u00dfe: ca. 25 x 14 x 8 cm Farbe: Rosa<\/p>\n","protected":false},"featured_media":17322,"comment_status":"closed","ping_status":"open","template":"","meta":[],"product_cat":[13885],"product_tag":[],"class_list":{"0":"post-47873","1":"product","2":"type-product","3":"status-publish","4":"has-post-thumbnail","6":"product_cat-puppy-spielzeug-hundespielzeug-sport","8":"first","9":"instock","10":"taxable","11":"shipping-taxable","12":"purchasable","13":"product-type-simple"},"_links":{"self":[{"href":"https:\/\/all-pets.de\/shop\/wp-json\/wp\/v2\/product\/47873","targetHints":{"allow":["GET"]}}],"collection":[{"href":"https:\/\/all-pets.de\/shop\/wp-json\/wp\/v2\/product"}],"about":[{"href":"https:\/\/all-pets.de\/shop\/wp-json\/wp\/v2\/types\/product"}],"replies":[{"embeddable":true,"href":"https:\/\/all-pets.de\/shop\/wp-json\/wp\/v2\/comments?post=47873"}],"wp:featuredmedia":[{"embeddable":true,"href":"https:\/\/all-pets.de\/shop\/wp-json\/wp\/v2\/media\/17322"}],"wp:attachment":[{"href":"https:\/\/all-pets.de\/shop\/wp-json\/wp\/v2\/media?parent=47873"}],"wp:term":[{"taxonomy":"product_cat","embeddable":true,"href":"https:\/\/all-pets.de\/shop\/wp-json\/wp\/v2\/product_cat?post=47873"},{"taxonomy":"product_tag","embeddable":true,"href":"https:\/\/all-pets.de\/shop\/wp-json\/wp\/v2\/product_tag?post=47873"}],"curies":[{"name":"wp","href":"https:\/\/api.w.org\/{rel}","templated":true}]}}