{"id":47876,"date":"2023-12-12T10:56:04","date_gmt":"2023-12-12T09:56:04","guid":{"rendered":"https:\/\/pet-shopping.de\/shop\/produkt\/all-for-paws-tugger-elastic-tug-mix-octopus\/"},"modified":"2023-12-12T10:56:05","modified_gmt":"2023-12-12T09:56:05","slug":"all-for-paws-tugger-elastic-tug-mix-octopus","status":"publish","type":"product","link":"https:\/\/all-pets.de\/shop\/produkt\/all-for-paws-tugger-elastic-tug-mix-octopus\/","title":{"rendered":"All for Paws Tugger &#8211; Elastic Tug Mix Octopus"},"content":{"rendered":"<p>Der Tugger Elastic Tug Mix Octopus ist Tintenfisch, der mit mit einem Gummiband best\u00fcckt ist und sich toll zum Werfen und Zerren eignet. Genie\u00dfen Sie mit diesem Spielzeug stundenlangen Spielspa\u00df und vorallem die Interaktion zwischen Ihnen und Ihrem Vierbeiner!<\/p>\n<p>Der Elastic Tug Mix Octopus ist kompatibel mit dem Tree Tugger, dem Ground Stick und dem Tugger Pole von All for Paws und kann mit diesen entweder an einem Baum oder \u00e4hnlichem oder per Bodenanker befestigt werden oder als Spielangel genutzt werden.<\/p>\n<p>Ma\u00dfe: ca. 72 x 13,5 x 6 cm<\/p>\n","protected":false},"excerpt":{"rendered":"<p>Der Tugger Elastic Tug Mix Octopus ist Tintenfisch, der mit mit einem Gummiband best\u00fcckt ist und sich toll zum Werfen und Zerren eignet. Genie\u00dfen Sie mit diesem Spielzeug stundenlangen Spielspa\u00df und vorallem die Interaktion zwischen Ihnen und Ihrem Vierbeiner! Der Elastic Tug Mix Octopus ist kompatibel mit dem Tree Tugger, dem Ground Stick und dem [&hellip;]<\/p>\n","protected":false},"featured_media":6105,"comment_status":"closed","ping_status":"open","template":"","meta":[],"product_cat":[14383],"product_tag":[],"class_list":{"0":"post-47876","1":"product","2":"type-product","3":"status-publish","4":"has-post-thumbnail","6":"product_cat-weitere-spielzeuge-hundespielzeug-sport-hundewurfspielzeughundewelt","8":"first","9":"instock","10":"taxable","11":"shipping-taxable","12":"purchasable","13":"product-type-simple"},"_links":{"self":[{"href":"https:\/\/all-pets.de\/shop\/wp-json\/wp\/v2\/product\/47876","targetHints":{"allow":["GET"]}}],"collection":[{"href":"https:\/\/all-pets.de\/shop\/wp-json\/wp\/v2\/product"}],"about":[{"href":"https:\/\/all-pets.de\/shop\/wp-json\/wp\/v2\/types\/product"}],"replies":[{"embeddable":true,"href":"https:\/\/all-pets.de\/shop\/wp-json\/wp\/v2\/comments?post=47876"}],"wp:featuredmedia":[{"embeddable":true,"href":"https:\/\/all-pets.de\/shop\/wp-json\/wp\/v2\/media\/6105"}],"wp:attachment":[{"href":"https:\/\/all-pets.de\/shop\/wp-json\/wp\/v2\/media?parent=47876"}],"wp:term":[{"taxonomy":"product_cat","embeddable":true,"href":"https:\/\/all-pets.de\/shop\/wp-json\/wp\/v2\/product_cat?post=47876"},{"taxonomy":"product_tag","embeddable":true,"href":"https:\/\/all-pets.de\/shop\/wp-json\/wp\/v2\/product_tag?post=47876"}],"curies":[{"name":"wp","href":"https:\/\/api.w.org\/{rel}","templated":true}]}}