{"id":47877,"date":"2023-12-12T10:56:04","date_gmt":"2023-12-12T09:56:04","guid":{"rendered":"https:\/\/pet-shopping.de\/shop\/produkt\/trixie-4er-zahnbuersten-set-fuer-katzen-und-kleine-hunde\/"},"modified":"2023-12-12T10:56:05","modified_gmt":"2023-12-12T09:56:05","slug":"trixie-4er-zahnbuersten-set-fuer-katzen-und-kleine-hunde","status":"publish","type":"product","link":"https:\/\/all-pets.de\/shop\/produkt\/trixie-4er-zahnbuersten-set-fuer-katzen-und-kleine-hunde\/","title":{"rendered":"Trixie 4er Zahnb\u00fcrsten-Set f\u00fcr Katzen und kleine Hunde"},"content":{"rendered":"<p>Mit diesem Zahnb\u00fcrsten-Set sorgen Sie bei Ihrer Katze oder Ihrem kleinen Hund f\u00fcr eine bessere Maulhygiene. Mit kleinem B\u00fcrstenkopf f\u00fcr Vorder- und Backenz\u00e4hne.<\/p>\n<p>Inhalt: 4 St\u00fcck<br \/> Gr\u00f6\u00dfe: ca. 15 cm<\/p>\n","protected":false},"excerpt":{"rendered":"<p>Mit diesem Zahnb\u00fcrsten-Set sorgen Sie bei Ihrer Katze oder Ihrem kleinen Hund f\u00fcr eine bessere Maulhygiene. Mit kleinem B\u00fcrstenkopf f\u00fcr Vorder- und Backenz\u00e4hne. Inhalt: 4 St\u00fcck Gr\u00f6\u00dfe: ca. 15 cm<\/p>\n","protected":false},"featured_media":32670,"comment_status":"closed","ping_status":"open","template":"","meta":[],"product_cat":[14825],"product_tag":[],"class_list":{"0":"post-47877","1":"product","2":"type-product","3":"status-publish","4":"has-post-thumbnail","6":"product_cat-zahnpflege-pflege-gesundheit-zahnpflegehundewelt-pflege-gesundheit-katzenwelt","8":"first","9":"instock","10":"taxable","11":"shipping-taxable","12":"purchasable","13":"product-type-simple"},"_links":{"self":[{"href":"https:\/\/all-pets.de\/shop\/wp-json\/wp\/v2\/product\/47877","targetHints":{"allow":["GET"]}}],"collection":[{"href":"https:\/\/all-pets.de\/shop\/wp-json\/wp\/v2\/product"}],"about":[{"href":"https:\/\/all-pets.de\/shop\/wp-json\/wp\/v2\/types\/product"}],"replies":[{"embeddable":true,"href":"https:\/\/all-pets.de\/shop\/wp-json\/wp\/v2\/comments?post=47877"}],"wp:featuredmedia":[{"embeddable":true,"href":"https:\/\/all-pets.de\/shop\/wp-json\/wp\/v2\/media\/32670"}],"wp:attachment":[{"href":"https:\/\/all-pets.de\/shop\/wp-json\/wp\/v2\/media?parent=47877"}],"wp:term":[{"taxonomy":"product_cat","embeddable":true,"href":"https:\/\/all-pets.de\/shop\/wp-json\/wp\/v2\/product_cat?post=47877"},{"taxonomy":"product_tag","embeddable":true,"href":"https:\/\/all-pets.de\/shop\/wp-json\/wp\/v2\/product_tag?post=47877"}],"curies":[{"name":"wp","href":"https:\/\/api.w.org\/{rel}","templated":true}]}}