{"id":47878,"date":"2023-12-12T10:56:04","date_gmt":"2023-12-12T09:56:04","guid":{"rendered":"https:\/\/pet-shopping.de\/shop\/produkt\/trixie-zahnpflege-gel-mit-rindfleischgeschmack-100g\/"},"modified":"2023-12-12T10:56:05","modified_gmt":"2023-12-12T09:56:05","slug":"trixie-zahnpflege-gel-mit-rindfleischgeschmack-100g","status":"publish","type":"product","link":"https:\/\/all-pets.de\/shop\/produkt\/trixie-zahnpflege-gel-mit-rindfleischgeschmack-100g\/","title":{"rendered":"Trixie Zahnpflege-Gel mit Rindfleischgeschmack &#8211; 100g"},"content":{"rendered":"<p>Das Zahnpflege-Gel mit Rindfleischgeschmack eignet sich f\u00fcr Hunde und Katzen. Es reinigt und pflegt die Z\u00e4hne und hilft somit bei der Mundhygiene. Der Atem wird l\u00e4nger frisch gehalten.<\/p>\n<p>Inhalt: 100 g<\/p>\n","protected":false},"excerpt":{"rendered":"<p>Das Zahnpflege-Gel mit Rindfleischgeschmack eignet sich f\u00fcr Hunde und Katzen. Es reinigt und pflegt die Z\u00e4hne und hilft somit bei der Mundhygiene. Der Atem wird l\u00e4nger frisch gehalten. Inhalt: 100 g<\/p>\n","protected":false},"featured_media":6050,"comment_status":"closed","ping_status":"open","template":"","meta":[],"product_cat":[14156],"product_tag":[],"class_list":{"0":"post-47878","1":"product","2":"type-product","3":"status-publish","4":"has-post-thumbnail","6":"product_cat-zahnpflege-pflege-gesundheit-zahnpflegekatzenwelt","8":"first","9":"instock","10":"taxable","11":"shipping-taxable","12":"purchasable","13":"product-type-simple"},"_links":{"self":[{"href":"https:\/\/all-pets.de\/shop\/wp-json\/wp\/v2\/product\/47878","targetHints":{"allow":["GET"]}}],"collection":[{"href":"https:\/\/all-pets.de\/shop\/wp-json\/wp\/v2\/product"}],"about":[{"href":"https:\/\/all-pets.de\/shop\/wp-json\/wp\/v2\/types\/product"}],"replies":[{"embeddable":true,"href":"https:\/\/all-pets.de\/shop\/wp-json\/wp\/v2\/comments?post=47878"}],"wp:featuredmedia":[{"embeddable":true,"href":"https:\/\/all-pets.de\/shop\/wp-json\/wp\/v2\/media\/6050"}],"wp:attachment":[{"href":"https:\/\/all-pets.de\/shop\/wp-json\/wp\/v2\/media?parent=47878"}],"wp:term":[{"taxonomy":"product_cat","embeddable":true,"href":"https:\/\/all-pets.de\/shop\/wp-json\/wp\/v2\/product_cat?post=47878"},{"taxonomy":"product_tag","embeddable":true,"href":"https:\/\/all-pets.de\/shop\/wp-json\/wp\/v2\/product_tag?post=47878"}],"curies":[{"name":"wp","href":"https:\/\/api.w.org\/{rel}","templated":true}]}}