{"id":47882,"date":"2023-12-12T10:56:04","date_gmt":"2023-12-12T09:56:04","guid":{"rendered":"https:\/\/pet-shopping.de\/shop\/produkt\/trixie-floh-und-staubkamm-fuer-katzen\/"},"modified":"2023-12-12T10:56:06","modified_gmt":"2023-12-12T09:56:06","slug":"trixie-floh-und-staubkamm-fuer-katzen","status":"publish","type":"product","link":"https:\/\/all-pets.de\/shop\/produkt\/trixie-floh-und-staubkamm-fuer-katzen\/","title":{"rendered":"Trixie Floh- und Staubkamm f\u00fcr Katzen"},"content":{"rendered":"<p>Der Floh- und Staubkamm eignet sich f\u00fcr Katzen mit Lang- und Kurzhaar zur sicheren Diagnose von Fl\u00f6hen und L\u00e4usen. Mit abgerundeten Zinken zur schonenden Fellpflege. Der Kunststoffgriff mit rutschfester Gummieinlage bietet dabei sicheren Halt in der Hand.<\/p>\n<p>Gr\u00f6\u00dfe: ca. 15 cm<\/p>\n","protected":false},"excerpt":{"rendered":"<p>Der Floh- und Staubkamm eignet sich f\u00fcr Katzen mit Lang- und Kurzhaar zur sicheren Diagnose von Fl\u00f6hen und L\u00e4usen. Mit abgerundeten Zinken zur schonenden Fellpflege. Der Kunststoffgriff mit rutschfester Gummieinlage bietet dabei sicheren Halt in der Hand. Gr\u00f6\u00dfe: ca. 15 cm<\/p>\n","protected":false},"featured_media":34478,"comment_status":"closed","ping_status":"open","template":"","meta":[],"product_cat":[14910],"product_tag":[],"class_list":{"0":"post-47882","1":"product","2":"type-product","3":"status-publish","4":"has-post-thumbnail","6":"product_cat-katzenbuersten-striegel-fellpflege-pflege-gesundheit-entfilzungskaemmekatzenwelt-fellpflege-pflege-gesundheit-ungeziefer-schutzkatzenwelt","8":"first","9":"instock","10":"taxable","11":"shipping-taxable","12":"purchasable","13":"product-type-simple"},"_links":{"self":[{"href":"https:\/\/all-pets.de\/shop\/wp-json\/wp\/v2\/product\/47882","targetHints":{"allow":["GET"]}}],"collection":[{"href":"https:\/\/all-pets.de\/shop\/wp-json\/wp\/v2\/product"}],"about":[{"href":"https:\/\/all-pets.de\/shop\/wp-json\/wp\/v2\/types\/product"}],"replies":[{"embeddable":true,"href":"https:\/\/all-pets.de\/shop\/wp-json\/wp\/v2\/comments?post=47882"}],"wp:featuredmedia":[{"embeddable":true,"href":"https:\/\/all-pets.de\/shop\/wp-json\/wp\/v2\/media\/34478"}],"wp:attachment":[{"href":"https:\/\/all-pets.de\/shop\/wp-json\/wp\/v2\/media?parent=47882"}],"wp:term":[{"taxonomy":"product_cat","embeddable":true,"href":"https:\/\/all-pets.de\/shop\/wp-json\/wp\/v2\/product_cat?post=47882"},{"taxonomy":"product_tag","embeddable":true,"href":"https:\/\/all-pets.de\/shop\/wp-json\/wp\/v2\/product_tag?post=47882"}],"curies":[{"name":"wp","href":"https:\/\/api.w.org\/{rel}","templated":true}]}}