{"id":47883,"date":"2023-12-12T10:56:04","date_gmt":"2023-12-12T09:56:04","guid":{"rendered":"https:\/\/pet-shopping.de\/shop\/produkt\/trixie-carding-striegel-fuer-katzen\/"},"modified":"2023-12-12T10:56:06","modified_gmt":"2023-12-12T09:56:06","slug":"trixie-carding-striegel-fuer-katzen","status":"publish","type":"product","link":"https:\/\/all-pets.de\/shop\/produkt\/trixie-carding-striegel-fuer-katzen\/","title":{"rendered":"Trixie Carding-Striegel f\u00fcr Katzen"},"content":{"rendered":"<p>Der Carding-Striegel eignet sich f\u00fcr Katzen mit Lang- und Kurzhaar. Er ist speziell zum einfachen Entfilzen und Ausd\u00fcnnen und entfernt \u00fcberfl\u00fcssige Unterwolle. <\/p>\n<p>Der Striegelkopf l\u00e4sst sich durch einen Schnappmechanismus am Griff einfach austauschen. Die Klinge ist aus rostfreiem Edelstahl.<\/p>\n<p>Der Kunststoffgriff mit rutschfester Gummieinlage bietet sicheren Halt in der Hand.<\/p>\n<p>Gr\u00f6\u00dfe: ca. 7 x 15 cm<\/p>\n","protected":false},"excerpt":{"rendered":"<p>Der Carding-Striegel eignet sich f\u00fcr Katzen mit Lang- und Kurzhaar. Er ist speziell zum einfachen Entfilzen und Ausd\u00fcnnen und entfernt \u00fcberfl\u00fcssige Unterwolle. Der Striegelkopf l\u00e4sst sich durch einen Schnappmechanismus am Griff einfach austauschen. Die Klinge ist aus rostfreiem Edelstahl. Der Kunststoffgriff mit rutschfester Gummieinlage bietet sicheren Halt in der Hand. Gr\u00f6\u00dfe: ca. 7 x 15 [&hellip;]<\/p>\n","protected":false},"featured_media":21979,"comment_status":"closed","ping_status":"open","template":"","meta":[],"product_cat":[14911],"product_tag":[],"class_list":{"0":"post-47883","1":"product","2":"type-product","3":"status-publish","4":"has-post-thumbnail","6":"product_cat-katzenbuersten-striegel-fellpflege-pflege-gesundheit-entfilzungskaemmekatzenwelt","8":"first","9":"instock","10":"taxable","11":"shipping-taxable","12":"purchasable","13":"product-type-simple"},"_links":{"self":[{"href":"https:\/\/all-pets.de\/shop\/wp-json\/wp\/v2\/product\/47883","targetHints":{"allow":["GET"]}}],"collection":[{"href":"https:\/\/all-pets.de\/shop\/wp-json\/wp\/v2\/product"}],"about":[{"href":"https:\/\/all-pets.de\/shop\/wp-json\/wp\/v2\/types\/product"}],"replies":[{"embeddable":true,"href":"https:\/\/all-pets.de\/shop\/wp-json\/wp\/v2\/comments?post=47883"}],"wp:featuredmedia":[{"embeddable":true,"href":"https:\/\/all-pets.de\/shop\/wp-json\/wp\/v2\/media\/21979"}],"wp:attachment":[{"href":"https:\/\/all-pets.de\/shop\/wp-json\/wp\/v2\/media?parent=47883"}],"wp:term":[{"taxonomy":"product_cat","embeddable":true,"href":"https:\/\/all-pets.de\/shop\/wp-json\/wp\/v2\/product_cat?post=47883"},{"taxonomy":"product_tag","embeddable":true,"href":"https:\/\/all-pets.de\/shop\/wp-json\/wp\/v2\/product_tag?post=47883"}],"curies":[{"name":"wp","href":"https:\/\/api.w.org\/{rel}","templated":true}]}}