{"id":47884,"date":"2023-12-12T10:56:08","date_gmt":"2023-12-12T09:56:08","guid":{"rendered":"https:\/\/pet-shopping.de\/shop\/produkt\/trixie-softbuerste-fuer-katzen-2\/"},"modified":"2023-12-12T10:56:08","modified_gmt":"2023-12-12T09:56:08","slug":"trixie-softbuerste-fuer-katzen-2","status":"publish","type":"product","link":"https:\/\/all-pets.de\/shop\/produkt\/trixie-softbuerste-fuer-katzen-2\/","title":{"rendered":"Trixie Softb\u00fcrste f\u00fcr Katzen"},"content":{"rendered":"<p>Die Softb\u00fcrste eignet sich f\u00fcr Katzen mit Lang- und Kurzhaar. Mit ihren extra weichen Metallborsten ist sie das optimale Hilfsmittel zur schonenden Pflege des Deckhaars und der Unterwolle. Der Kunststoffgriff mit rutschfester Gummieinlage sorgt dabei f\u00fcr einen sicheren Halt in der Hand.<\/p>\n<p>Gr\u00f6\u00dfe: ca. 7 x 16 cm<\/p>\n","protected":false},"excerpt":{"rendered":"<p>Die Softb\u00fcrste eignet sich f\u00fcr Katzen mit Lang- und Kurzhaar. Mit ihren extra weichen Metallborsten ist sie das optimale Hilfsmittel zur schonenden Pflege des Deckhaars und der Unterwolle. Der Kunststoffgriff mit rutschfester Gummieinlage sorgt dabei f\u00fcr einen sicheren Halt in der Hand. Gr\u00f6\u00dfe: ca. 7 x 16 cm<\/p>\n","protected":false},"featured_media":32421,"comment_status":"closed","ping_status":"open","template":"","meta":[],"product_cat":[14110],"product_tag":[],"class_list":{"0":"post-47884","1":"product","2":"type-product","3":"status-publish","4":"has-post-thumbnail","6":"product_cat-katzenbuersten-striegel-fellpflege-pflege-gesundheit-katzenwelt","8":"first","9":"instock","10":"taxable","11":"shipping-taxable","12":"purchasable","13":"product-type-simple"},"_links":{"self":[{"href":"https:\/\/all-pets.de\/shop\/wp-json\/wp\/v2\/product\/47884","targetHints":{"allow":["GET"]}}],"collection":[{"href":"https:\/\/all-pets.de\/shop\/wp-json\/wp\/v2\/product"}],"about":[{"href":"https:\/\/all-pets.de\/shop\/wp-json\/wp\/v2\/types\/product"}],"replies":[{"embeddable":true,"href":"https:\/\/all-pets.de\/shop\/wp-json\/wp\/v2\/comments?post=47884"}],"wp:featuredmedia":[{"embeddable":true,"href":"https:\/\/all-pets.de\/shop\/wp-json\/wp\/v2\/media\/32421"}],"wp:attachment":[{"href":"https:\/\/all-pets.de\/shop\/wp-json\/wp\/v2\/media?parent=47884"}],"wp:term":[{"taxonomy":"product_cat","embeddable":true,"href":"https:\/\/all-pets.de\/shop\/wp-json\/wp\/v2\/product_cat?post=47884"},{"taxonomy":"product_tag","embeddable":true,"href":"https:\/\/all-pets.de\/shop\/wp-json\/wp\/v2\/product_tag?post=47884"}],"curies":[{"name":"wp","href":"https:\/\/api.w.org\/{rel}","templated":true}]}}