{"id":47885,"date":"2023-12-12T10:56:08","date_gmt":"2023-12-12T09:56:08","guid":{"rendered":"https:\/\/pet-shopping.de\/shop\/produkt\/trixie-katzendecke-patchwork-cat-grau-45-x-55-cm\/"},"modified":"2023-12-12T10:56:08","modified_gmt":"2023-12-12T09:56:08","slug":"trixie-katzendecke-patchwork-cat-grau-45-x-55-cm","status":"publish","type":"product","link":"https:\/\/all-pets.de\/shop\/produkt\/trixie-katzendecke-patchwork-cat-grau-45-x-55-cm\/","title":{"rendered":"Trixie Katzendecke Patchwork Cat &#8211; grau, 45 x 55 cm"},"content":{"rendered":"<p>Die Mikrofaser-Decke Patchwork Cat besteht aus einem Polyester-Bezug im gesteppten Patchwork-Design und einer Polyestervlies-F\u00fcllung. <\/p>\n<p>Eine eingen\u00e4hte Tasche eignet sich toll zum Bef\u00fcllen mit Catnip oder Baldrian (nicht im Lieferumfang enthalten). Die Decke bietet Ihrer Samtpfote eine warme und weiche Liegefl\u00e4che auf kalten, harten B\u00f6den und ist mit einer rutschfesten Unterseite ausgestattet. Die Decke kann per Handw\u00e4sche gereinigt werden.<\/p>\n<p>Gr\u00f6\u00dfe: ca. 45 x 55 cm<br \/> Farbe: Grau<\/p>\n","protected":false},"excerpt":{"rendered":"<p>Die Mikrofaser-Decke Patchwork Cat besteht aus einem Polyester-Bezug im gesteppten Patchwork-Design und einer Polyestervlies-F\u00fcllung. Eine eingen\u00e4hte Tasche eignet sich toll zum Bef\u00fcllen mit Catnip oder Baldrian (nicht im Lieferumfang enthalten). Die Decke bietet Ihrer Samtpfote eine warme und weiche Liegefl\u00e4che auf kalten, harten B\u00f6den und ist mit einer rutschfesten Unterseite ausgestattet. Die Decke kann per [&hellip;]<\/p>\n","protected":false},"featured_media":23865,"comment_status":"closed","ping_status":"open","template":"","meta":[],"product_cat":[13987],"product_tag":[],"class_list":{"0":"post-47885","1":"product","2":"type-product","3":"status-publish","4":"has-post-thumbnail","6":"product_cat-katzenkissen","8":"first","9":"instock","10":"taxable","11":"shipping-taxable","12":"purchasable","13":"product-type-simple"},"_links":{"self":[{"href":"https:\/\/all-pets.de\/shop\/wp-json\/wp\/v2\/product\/47885","targetHints":{"allow":["GET"]}}],"collection":[{"href":"https:\/\/all-pets.de\/shop\/wp-json\/wp\/v2\/product"}],"about":[{"href":"https:\/\/all-pets.de\/shop\/wp-json\/wp\/v2\/types\/product"}],"replies":[{"embeddable":true,"href":"https:\/\/all-pets.de\/shop\/wp-json\/wp\/v2\/comments?post=47885"}],"wp:featuredmedia":[{"embeddable":true,"href":"https:\/\/all-pets.de\/shop\/wp-json\/wp\/v2\/media\/23865"}],"wp:attachment":[{"href":"https:\/\/all-pets.de\/shop\/wp-json\/wp\/v2\/media?parent=47885"}],"wp:term":[{"taxonomy":"product_cat","embeddable":true,"href":"https:\/\/all-pets.de\/shop\/wp-json\/wp\/v2\/product_cat?post=47885"},{"taxonomy":"product_tag","embeddable":true,"href":"https:\/\/all-pets.de\/shop\/wp-json\/wp\/v2\/product_tag?post=47885"}],"curies":[{"name":"wp","href":"https:\/\/api.w.org\/{rel}","templated":true}]}}