{"id":47886,"date":"2023-12-12T10:56:08","date_gmt":"2023-12-12T09:56:08","guid":{"rendered":"https:\/\/pet-shopping.de\/shop\/produkt\/trixie-kunststoffnapf-mit-silikonumrandung-fuer-kleintiere\/"},"modified":"2023-12-12T10:56:08","modified_gmt":"2023-12-12T09:56:08","slug":"trixie-kunststoffnapf-mit-silikonumrandung-fuer-kleintiere","status":"publish","type":"product","link":"https:\/\/all-pets.de\/shop\/produkt\/trixie-kunststoffnapf-mit-silikonumrandung-fuer-kleintiere\/","title":{"rendered":"Trixie Kunststoffnapf mit Silikonumrandung f\u00fcr Kleintiere"},"content":{"rendered":"<p>Dieses neuartige Napfset besteht aus einem Kunststoffnapf und einer Silikonumrandung, in die der Napf passgenau eingesetzt wird. Die Silikonumrandung dient dann als Umkippschutz und ist zudem rutschfest f\u00fcr einen sicheren Stand des Napfes.<\/p>\n<p>Der Napf eignet sich z.B. f\u00fcr Meerschweinchen und Kaninchen.<\/p>\n<p>Fassungsverm\u00f6gen: ca. 200 ml<br \/> Ma\u00dfe: ca. 23 x 23 cm<br \/> Inhalt: 1 Napf mit Silikonumrandung (das Bild zeigt die beiden m\u00f6glichen Farben)<\/p>\n<p>M\u00f6gliche Farben: Lila oder Gr\u00fcn. Eine Farbwahl ist leider nicht m\u00f6glich, da die Farbe je nach Lagerbestand gew\u00e4hlt wird.<\/p>\n","protected":false},"excerpt":{"rendered":"<p>Dieses neuartige Napfset besteht aus einem Kunststoffnapf und einer Silikonumrandung, in die der Napf passgenau eingesetzt wird. Die Silikonumrandung dient dann als Umkippschutz und ist zudem rutschfest f\u00fcr einen sicheren Stand des Napfes. Der Napf eignet sich z.B. f\u00fcr Meerschweinchen und Kaninchen. Fassungsverm\u00f6gen: ca. 200 ml Ma\u00dfe: ca. 23 x 23 cm Inhalt: 1 Napf [&hellip;]<\/p>\n","protected":false},"featured_media":2572,"comment_status":"closed","ping_status":"open","template":"","meta":[],"product_cat":[13764],"product_tag":[],"class_list":{"0":"post-47886","1":"product","2":"type-product","3":"status-publish","4":"has-post-thumbnail","6":"product_cat-kleintiernaepfe","8":"first","9":"instock","10":"taxable","11":"shipping-taxable","12":"purchasable","13":"product-type-simple"},"_links":{"self":[{"href":"https:\/\/all-pets.de\/shop\/wp-json\/wp\/v2\/product\/47886","targetHints":{"allow":["GET"]}}],"collection":[{"href":"https:\/\/all-pets.de\/shop\/wp-json\/wp\/v2\/product"}],"about":[{"href":"https:\/\/all-pets.de\/shop\/wp-json\/wp\/v2\/types\/product"}],"replies":[{"embeddable":true,"href":"https:\/\/all-pets.de\/shop\/wp-json\/wp\/v2\/comments?post=47886"}],"wp:featuredmedia":[{"embeddable":true,"href":"https:\/\/all-pets.de\/shop\/wp-json\/wp\/v2\/media\/2572"}],"wp:attachment":[{"href":"https:\/\/all-pets.de\/shop\/wp-json\/wp\/v2\/media?parent=47886"}],"wp:term":[{"taxonomy":"product_cat","embeddable":true,"href":"https:\/\/all-pets.de\/shop\/wp-json\/wp\/v2\/product_cat?post=47886"},{"taxonomy":"product_tag","embeddable":true,"href":"https:\/\/all-pets.de\/shop\/wp-json\/wp\/v2\/product_tag?post=47886"}],"curies":[{"name":"wp","href":"https:\/\/api.w.org\/{rel}","templated":true}]}}