{"id":47887,"date":"2023-12-12T10:56:08","date_gmt":"2023-12-12T09:56:08","guid":{"rendered":"https:\/\/pet-shopping.de\/shop\/produkt\/trixie-cat-tower-ria\/"},"modified":"2023-12-12T10:56:08","modified_gmt":"2023-12-12T09:56:08","slug":"trixie-cat-tower-ria","status":"publish","type":"product","link":"https:\/\/all-pets.de\/shop\/produkt\/trixie-cat-tower-ria\/","title":{"rendered":"Trixie Cat Tower Ria"},"content":{"rendered":"<p>Der Cat Tower Ria vereint alle Vorteile von Kratzbaum, Katzenh\u00f6hle und Kuschelbett und ist somit ein tolles Domizil f\u00fcr alle Samtpfoten.<\/p>\n<p> Er ist mit Pl\u00fcsch bezogen und mit einer gro\u00dfen Sisalkratzfl\u00e4che ausgestattet, die viel Platz zum Krallensch\u00e4rfen bietet. Gepolsterte Liegeplatten und ein kuscheliges Wendekissen auf der oberen Etage sorgen f\u00fcr den Komfort und bieten Raum zum Schlummern und Tr\u00e4umen. Das Wendekissen kann per Handw\u00e4sche gereingt werden.<\/p>\n<p>Grundfl\u00e4che: ca. 37 cm Durchmesser<br \/> H\u00f6he: ca. 37 cm<br \/> Farbe: lichtgrau<\/p>\n","protected":false},"excerpt":{"rendered":"<p>Der Cat Tower Ria vereint alle Vorteile von Kratzbaum, Katzenh\u00f6hle und Kuschelbett und ist somit ein tolles Domizil f\u00fcr alle Samtpfoten. Er ist mit Pl\u00fcsch bezogen und mit einer gro\u00dfen Sisalkratzfl\u00e4che ausgestattet, die viel Platz zum Krallensch\u00e4rfen bietet. Gepolsterte Liegeplatten und ein kuscheliges Wendekissen auf der oberen Etage sorgen f\u00fcr den Komfort und bieten Raum [&hellip;]<\/p>\n","protected":false},"featured_media":31679,"comment_status":"closed","ping_status":"open","template":"","meta":[],"product_cat":[14913],"product_tag":[],"class_list":{"0":"post-47887","1":"product","2":"type-product","3":"status-publish","4":"has-post-thumbnail","6":"product_cat-kratzbaeume-moebel-haeuser-hoehlenkatzenwelt-katzenbetten-katzenkoerbe-kratztonnenkatzenwelt","8":"first","9":"instock","10":"taxable","11":"shipping-taxable","12":"purchasable","13":"product-type-simple"},"_links":{"self":[{"href":"https:\/\/all-pets.de\/shop\/wp-json\/wp\/v2\/product\/47887","targetHints":{"allow":["GET"]}}],"collection":[{"href":"https:\/\/all-pets.de\/shop\/wp-json\/wp\/v2\/product"}],"about":[{"href":"https:\/\/all-pets.de\/shop\/wp-json\/wp\/v2\/types\/product"}],"replies":[{"embeddable":true,"href":"https:\/\/all-pets.de\/shop\/wp-json\/wp\/v2\/comments?post=47887"}],"wp:featuredmedia":[{"embeddable":true,"href":"https:\/\/all-pets.de\/shop\/wp-json\/wp\/v2\/media\/31679"}],"wp:attachment":[{"href":"https:\/\/all-pets.de\/shop\/wp-json\/wp\/v2\/media?parent=47887"}],"wp:term":[{"taxonomy":"product_cat","embeddable":true,"href":"https:\/\/all-pets.de\/shop\/wp-json\/wp\/v2\/product_cat?post=47887"},{"taxonomy":"product_tag","embeddable":true,"href":"https:\/\/all-pets.de\/shop\/wp-json\/wp\/v2\/product_tag?post=47887"}],"curies":[{"name":"wp","href":"https:\/\/api.w.org\/{rel}","templated":true}]}}