{"id":47889,"date":"2023-12-12T10:56:08","date_gmt":"2023-12-12T09:56:08","guid":{"rendered":"https:\/\/pet-shopping.de\/shop\/produkt\/trixie-kratzbaum-lucano\/"},"modified":"2023-12-12T10:56:08","modified_gmt":"2023-12-12T09:56:08","slug":"trixie-kratzbaum-lucano","status":"publish","type":"product","link":"https:\/\/all-pets.de\/shop\/produkt\/trixie-kratzbaum-lucano\/","title":{"rendered":"Trixie Kratzbaum Lucano"},"content":{"rendered":"<p>Der Kratzbaum Lucano sieht mit seinem modernen Design nicht nur klasse aus, sondern bietet auch viele tolle Details f\u00fcr Ihren Stubentiger. <\/p>\n<p>Die Liegefl\u00e4chen und H\u00f6hlen sind mit Pl\u00fcsch ausgestattet, w\u00e4hrend die St\u00e4mme mit Jute umwickelt sind. Die vorhandenen Sisalkratzfl\u00e4chen laden zum Krallensch\u00e4rfen ein. Die H\u00f6hle un die obere Liegefl\u00e4che sind mit Wendekissen best\u00fcckt, die per Handw\u00e4sche gereingt werden k\u00f6nnen. Zus\u00e4tzlich befindet sich in der Mitte eine gem\u00fctliche H\u00e4ngematte\/Liegemule. Spielzeuge an Gummib\u00e4ndern sorgen daf\u00fcr, dass es nie langweilig wird.<\/p>\n<p>Grundfl\u00e4che: ca. 58 x 48 cm<br \/> H\u00f6he: ca. 110 cm<br \/> Stammdurchmesser: ca. 9 cm<br \/> Farbe: wei\u00df<\/p>\n","protected":false},"excerpt":{"rendered":"<p>Der Kratzbaum Lucano sieht mit seinem modernen Design nicht nur klasse aus, sondern bietet auch viele tolle Details f\u00fcr Ihren Stubentiger. Die Liegefl\u00e4chen und H\u00f6hlen sind mit Pl\u00fcsch ausgestattet, w\u00e4hrend die St\u00e4mme mit Jute umwickelt sind. Die vorhandenen Sisalkratzfl\u00e4chen laden zum Krallensch\u00e4rfen ein. Die H\u00f6hle un die obere Liegefl\u00e4che sind mit Wendekissen best\u00fcckt, die per [&hellip;]<\/p>\n","protected":false},"featured_media":17375,"comment_status":"closed","ping_status":"open","template":"","meta":[],"product_cat":[13784],"product_tag":[],"class_list":{"0":"post-47889","1":"product","2":"type-product","3":"status-publish","4":"has-post-thumbnail","6":"product_cat-kratzbaeume-moebel-bis-175-cmkatzenwelt","8":"first","9":"instock","10":"taxable","11":"shipping-taxable","12":"purchasable","13":"product-type-simple"},"_links":{"self":[{"href":"https:\/\/all-pets.de\/shop\/wp-json\/wp\/v2\/product\/47889","targetHints":{"allow":["GET"]}}],"collection":[{"href":"https:\/\/all-pets.de\/shop\/wp-json\/wp\/v2\/product"}],"about":[{"href":"https:\/\/all-pets.de\/shop\/wp-json\/wp\/v2\/types\/product"}],"replies":[{"embeddable":true,"href":"https:\/\/all-pets.de\/shop\/wp-json\/wp\/v2\/comments?post=47889"}],"wp:featuredmedia":[{"embeddable":true,"href":"https:\/\/all-pets.de\/shop\/wp-json\/wp\/v2\/media\/17375"}],"wp:attachment":[{"href":"https:\/\/all-pets.de\/shop\/wp-json\/wp\/v2\/media?parent=47889"}],"wp:term":[{"taxonomy":"product_cat","embeddable":true,"href":"https:\/\/all-pets.de\/shop\/wp-json\/wp\/v2\/product_cat?post=47889"},{"taxonomy":"product_tag","embeddable":true,"href":"https:\/\/all-pets.de\/shop\/wp-json\/wp\/v2\/product_tag?post=47889"}],"curies":[{"name":"wp","href":"https:\/\/api.w.org\/{rel}","templated":true}]}}