{"id":47892,"date":"2023-12-12T10:56:08","date_gmt":"2023-12-12T09:56:08","guid":{"rendered":"https:\/\/pet-shopping.de\/shop\/produkt\/bunny-click-snack-trainingskarten\/"},"modified":"2023-12-12T10:56:09","modified_gmt":"2023-12-12T09:56:09","slug":"bunny-click-snack-trainingskarten","status":"publish","type":"product","link":"https:\/\/all-pets.de\/shop\/produkt\/bunny-click-snack-trainingskarten\/","title":{"rendered":"Bunny Click &#038; Snack Trainingskarten"},"content":{"rendered":"<p>Gemeinsam mit seinem Tier kleine Tricks zu erlernen macht tierisch viel Spa\u00df und ist mit unseren Click &#038; Snack Trainingskarten f\u00fcr Anf\u00e4nger auch ganz einfach.<\/p>\n<ul class=\"benefits\">\n<li class=\"benefit\">\n<div class=\"titel\">Einfache Einleitung zum Clicker-Training<\/div>\n<\/li>\n<li class=\"benefit\">\n<div class=\"titel\">6 Tricks<\/div>\n<\/li>\n<li class=\"benefit\">\n<div class=\"titel\">Mit FAQ\u00b4s<\/div>\n<\/li>\n<li class=\"benefit\">\n<div class=\"titel\">Tricks sind Schritt f\u00fcr Schritt erkl\u00e4rt<\/div>\n<\/li>\n<li class=\"benefit\">\n<div class=\"titel\">Handliche Spielkarten-Gr\u00f6\u00dfe<\/div>\n<\/li>\n<li class=\"benefit\">\n<div class=\"titel\">In einer praktischen Kartenbox<\/div>\n<\/li>\n<\/ul>\n","protected":false},"excerpt":{"rendered":"<p>Gemeinsam mit seinem Tier kleine Tricks zu erlernen macht tierisch viel Spa\u00df und ist mit unseren Click &#038; Snack Trainingskarten f\u00fcr Anf\u00e4nger auch ganz einfach. Einfache Einleitung zum Clicker-Training 6 Tricks Mit FAQ\u00b4s Tricks sind Schritt f\u00fcr Schritt erkl\u00e4rt Handliche Spielkarten-Gr\u00f6\u00dfe In einer praktischen Kartenbox<\/p>\n","protected":false},"featured_media":23653,"comment_status":"closed","ping_status":"open","template":"","meta":[],"product_cat":[14914],"product_tag":[],"class_list":{"0":"post-47892","1":"product","2":"type-product","3":"status-publish","4":"has-post-thumbnail","6":"product_cat-spiel-sport-ausstattung-zubehoer-bunnykleintierwelt","8":"first","9":"instock","10":"taxable","11":"shipping-taxable","12":"purchasable","13":"product-type-simple"},"_links":{"self":[{"href":"https:\/\/all-pets.de\/shop\/wp-json\/wp\/v2\/product\/47892","targetHints":{"allow":["GET"]}}],"collection":[{"href":"https:\/\/all-pets.de\/shop\/wp-json\/wp\/v2\/product"}],"about":[{"href":"https:\/\/all-pets.de\/shop\/wp-json\/wp\/v2\/types\/product"}],"replies":[{"embeddable":true,"href":"https:\/\/all-pets.de\/shop\/wp-json\/wp\/v2\/comments?post=47892"}],"wp:featuredmedia":[{"embeddable":true,"href":"https:\/\/all-pets.de\/shop\/wp-json\/wp\/v2\/media\/23653"}],"wp:attachment":[{"href":"https:\/\/all-pets.de\/shop\/wp-json\/wp\/v2\/media?parent=47892"}],"wp:term":[{"taxonomy":"product_cat","embeddable":true,"href":"https:\/\/all-pets.de\/shop\/wp-json\/wp\/v2\/product_cat?post=47892"},{"taxonomy":"product_tag","embeddable":true,"href":"https:\/\/all-pets.de\/shop\/wp-json\/wp\/v2\/product_tag?post=47892"}],"curies":[{"name":"wp","href":"https:\/\/api.w.org\/{rel}","templated":true}]}}