{"id":47899,"date":"2023-12-12T10:56:08","date_gmt":"2023-12-12T09:56:08","guid":{"rendered":"https:\/\/pet-shopping.de\/shop\/produkt\/new-angle-lil-nippers-ted-d\/"},"modified":"2023-12-12T10:56:09","modified_gmt":"2023-12-12T09:56:09","slug":"new-angle-lil-nippers-ted-d","status":"publish","type":"product","link":"https:\/\/all-pets.de\/shop\/produkt\/new-angle-lil-nippers-ted-d\/","title":{"rendered":"New Angle Li&#8217;l Nippers &#8211; Ted D."},"content":{"rendered":"<p>Speziell gefertigt f\u00fcr die kleineren Hunderassen.<\/p>\n<p>Massiert das Zahnfleisch, reinigt das Gebi\u00df und vermindert Langeweile!<\/p>\n<p>Sicher in Gebrauch und extrem dauerhaft.<\/p>\n<p>Verf\u00fcgt \u00fcber ein dauerhaftes Seil f\u00fcr extra Kauvergn\u00fcgen.<\/p>\n<p>Gr\u00f6\u00dfe: ca. 6,3 cm<br \/> Diverse Farben. Eine Farbwahl ist leider nicht m\u00f6glich, da die Farbe je nach Lagerbestand gew\u00e4hlt wird.<\/p>\n","protected":false},"excerpt":{"rendered":"<p>Speziell gefertigt f\u00fcr die kleineren Hunderassen. Massiert das Zahnfleisch, reinigt das Gebi\u00df und vermindert Langeweile! Sicher in Gebrauch und extrem dauerhaft. Verf\u00fcgt \u00fcber ein dauerhaftes Seil f\u00fcr extra Kauvergn\u00fcgen. Gr\u00f6\u00dfe: ca. 6,3 cm Diverse Farben. Eine Farbwahl ist leider nicht m\u00f6glich, da die Farbe je nach Lagerbestand gew\u00e4hlt wird.<\/p>\n","protected":false},"featured_media":20215,"comment_status":"closed","ping_status":"open","template":"","meta":[],"product_cat":[13885],"product_tag":[],"class_list":{"0":"post-47899","1":"product","2":"type-product","3":"status-publish","4":"has-post-thumbnail","6":"product_cat-puppy-spielzeug-hundespielzeug-sport","8":"first","9":"instock","10":"taxable","11":"shipping-taxable","12":"purchasable","13":"product-type-simple"},"_links":{"self":[{"href":"https:\/\/all-pets.de\/shop\/wp-json\/wp\/v2\/product\/47899","targetHints":{"allow":["GET"]}}],"collection":[{"href":"https:\/\/all-pets.de\/shop\/wp-json\/wp\/v2\/product"}],"about":[{"href":"https:\/\/all-pets.de\/shop\/wp-json\/wp\/v2\/types\/product"}],"replies":[{"embeddable":true,"href":"https:\/\/all-pets.de\/shop\/wp-json\/wp\/v2\/comments?post=47899"}],"wp:featuredmedia":[{"embeddable":true,"href":"https:\/\/all-pets.de\/shop\/wp-json\/wp\/v2\/media\/20215"}],"wp:attachment":[{"href":"https:\/\/all-pets.de\/shop\/wp-json\/wp\/v2\/media?parent=47899"}],"wp:term":[{"taxonomy":"product_cat","embeddable":true,"href":"https:\/\/all-pets.de\/shop\/wp-json\/wp\/v2\/product_cat?post=47899"},{"taxonomy":"product_tag","embeddable":true,"href":"https:\/\/all-pets.de\/shop\/wp-json\/wp\/v2\/product_tag?post=47899"}],"curies":[{"name":"wp","href":"https:\/\/api.w.org\/{rel}","templated":true}]}}