{"id":47900,"date":"2023-12-12T10:56:08","date_gmt":"2023-12-12T09:56:08","guid":{"rendered":"https:\/\/pet-shopping.de\/shop\/produkt\/disney-square-head-big-hero-6-baymax-in-armor\/"},"modified":"2023-12-12T10:56:09","modified_gmt":"2023-12-12T09:56:09","slug":"disney-square-head-big-hero-6-baymax-in-armor","status":"publish","type":"product","link":"https:\/\/all-pets.de\/shop\/produkt\/disney-square-head-big-hero-6-baymax-in-armor\/","title":{"rendered":"Disney Square Head Big Hero 6 &#8211; Baymax in Armor"},"content":{"rendered":"<p>Die bekannten Disneyfiguren gibt es jetzt auch in Form von Hundespielzeug!<\/p>\n<p>Gefertigt aus weichem Pl\u00fcsch, was Hunde herrlich finden. Der Quietscher im Inneren Sorgen f\u00fcr gro\u00dfen Spielspa\u00df mit Ihrem Hund.<\/p>\n<p>Der Square Head Baymax in Armor aus Big Hero 6 ist ca. 24 x 16 x 5 cm gro\u00df.<\/p>\n","protected":false},"excerpt":{"rendered":"<p>Die bekannten Disneyfiguren gibt es jetzt auch in Form von Hundespielzeug! Gefertigt aus weichem Pl\u00fcsch, was Hunde herrlich finden. Der Quietscher im Inneren Sorgen f\u00fcr gro\u00dfen Spielspa\u00df mit Ihrem Hund. Der Square Head Baymax in Armor aus Big Hero 6 ist ca. 24 x 16 x 5 cm gro\u00df.<\/p>\n","protected":false},"featured_media":34508,"comment_status":"closed","ping_status":"open","template":"","meta":[],"product_cat":[13828],"product_tag":[],"class_list":{"0":"post-47900","1":"product","2":"type-product","3":"status-publish","4":"has-post-thumbnail","6":"product_cat-plueschspielzeug-hundespielzeug-sport","8":"first","9":"instock","10":"taxable","11":"shipping-taxable","12":"purchasable","13":"product-type-simple"},"_links":{"self":[{"href":"https:\/\/all-pets.de\/shop\/wp-json\/wp\/v2\/product\/47900","targetHints":{"allow":["GET"]}}],"collection":[{"href":"https:\/\/all-pets.de\/shop\/wp-json\/wp\/v2\/product"}],"about":[{"href":"https:\/\/all-pets.de\/shop\/wp-json\/wp\/v2\/types\/product"}],"replies":[{"embeddable":true,"href":"https:\/\/all-pets.de\/shop\/wp-json\/wp\/v2\/comments?post=47900"}],"wp:featuredmedia":[{"embeddable":true,"href":"https:\/\/all-pets.de\/shop\/wp-json\/wp\/v2\/media\/34508"}],"wp:attachment":[{"href":"https:\/\/all-pets.de\/shop\/wp-json\/wp\/v2\/media?parent=47900"}],"wp:term":[{"taxonomy":"product_cat","embeddable":true,"href":"https:\/\/all-pets.de\/shop\/wp-json\/wp\/v2\/product_cat?post=47900"},{"taxonomy":"product_tag","embeddable":true,"href":"https:\/\/all-pets.de\/shop\/wp-json\/wp\/v2\/product_tag?post=47900"}],"curies":[{"name":"wp","href":"https:\/\/api.w.org\/{rel}","templated":true}]}}