{"id":47902,"date":"2023-12-12T10:56:08","date_gmt":"2023-12-12T09:56:08","guid":{"rendered":"https:\/\/pet-shopping.de\/shop\/produkt\/disney-noggins-hundespielzeug-monster-inc-sulley\/"},"modified":"2023-12-12T10:56:10","modified_gmt":"2023-12-12T09:56:10","slug":"disney-noggins-hundespielzeug-monster-inc-sulley","status":"publish","type":"product","link":"https:\/\/all-pets.de\/shop\/produkt\/disney-noggins-hundespielzeug-monster-inc-sulley\/","title":{"rendered":"Disney Noggins Hundespielzeug &#8211; Monster Inc Sulley"},"content":{"rendered":"<p>Der coole Sulley aus dem Disneyfilm Monster Inc!<br \/> Eignet sich perfekt zum Apportieren und ist einfach sauber zu halten mit sanfter Seife.<br \/> \u00a0<br \/> Ma\u00dfe: 8 x 11 cm<br \/> \u00a0<br \/> Aufgepa\u00dft, nichts f\u00fcr Durchbei\u00dfer!<\/p>\n","protected":false},"excerpt":{"rendered":"<p>Der coole Sulley aus dem Disneyfilm Monster Inc! Eignet sich perfekt zum Apportieren und ist einfach sauber zu halten mit sanfter Seife. \u00a0 Ma\u00dfe: 8 x 11 cm \u00a0 Aufgepa\u00dft, nichts f\u00fcr Durchbei\u00dfer!<\/p>\n","protected":false},"featured_media":24898,"comment_status":"closed","ping_status":"open","template":"","meta":[],"product_cat":[14470],"product_tag":[],"class_list":{"0":"post-47902","1":"product","2":"type-product","3":"status-publish","4":"has-post-thumbnail","6":"product_cat-hundebaelle-hundespielzeug-sport-weitere-spielzeugehundewelt","8":"first","9":"instock","10":"taxable","11":"shipping-taxable","12":"purchasable","13":"product-type-simple"},"_links":{"self":[{"href":"https:\/\/all-pets.de\/shop\/wp-json\/wp\/v2\/product\/47902","targetHints":{"allow":["GET"]}}],"collection":[{"href":"https:\/\/all-pets.de\/shop\/wp-json\/wp\/v2\/product"}],"about":[{"href":"https:\/\/all-pets.de\/shop\/wp-json\/wp\/v2\/types\/product"}],"replies":[{"embeddable":true,"href":"https:\/\/all-pets.de\/shop\/wp-json\/wp\/v2\/comments?post=47902"}],"wp:featuredmedia":[{"embeddable":true,"href":"https:\/\/all-pets.de\/shop\/wp-json\/wp\/v2\/media\/24898"}],"wp:attachment":[{"href":"https:\/\/all-pets.de\/shop\/wp-json\/wp\/v2\/media?parent=47902"}],"wp:term":[{"taxonomy":"product_cat","embeddable":true,"href":"https:\/\/all-pets.de\/shop\/wp-json\/wp\/v2\/product_cat?post=47902"},{"taxonomy":"product_tag","embeddable":true,"href":"https:\/\/all-pets.de\/shop\/wp-json\/wp\/v2\/product_tag?post=47902"}],"curies":[{"name":"wp","href":"https:\/\/api.w.org\/{rel}","templated":true}]}}