{"id":47904,"date":"2023-12-12T10:56:13","date_gmt":"2023-12-12T09:56:13","guid":{"rendered":"https:\/\/pet-shopping.de\/shop\/produkt\/disney-noggins-hundespielzeug-big-hiro\/"},"modified":"2023-12-12T10:56:13","modified_gmt":"2023-12-12T09:56:13","slug":"disney-noggins-hundespielzeug-big-hiro","status":"publish","type":"product","link":"https:\/\/all-pets.de\/shop\/produkt\/disney-noggins-hundespielzeug-big-hiro\/","title":{"rendered":"Disney Noggins Hundespielzeug &#8211; Big Hiro"},"content":{"rendered":"<p>Der junge Held Hiro Hamada aus dem Disneyfilm Big Hero! Jetzt auch als Ball erh\u00e4ltlich.<br \/> Eignet sich perfekt zum Apportieren und ist einfach sauber zu halten mit sanfter Seife.<br \/> \u00a0<br \/> Ma\u00dfe: 10 x 8 cm<br \/> \u00a0<br \/> Aufgepa\u00dft, nichts f\u00fcr Durchbei\u00dfer!<\/p>\n","protected":false},"excerpt":{"rendered":"<p>Der junge Held Hiro Hamada aus dem Disneyfilm Big Hero! Jetzt auch als Ball erh\u00e4ltlich. Eignet sich perfekt zum Apportieren und ist einfach sauber zu halten mit sanfter Seife. \u00a0 Ma\u00dfe: 10 x 8 cm \u00a0 Aufgepa\u00dft, nichts f\u00fcr Durchbei\u00dfer!<\/p>\n","protected":false},"featured_media":18487,"comment_status":"closed","ping_status":"open","template":"","meta":[],"product_cat":[14471],"product_tag":[],"class_list":{"0":"post-47904","1":"product","2":"type-product","3":"status-publish","4":"has-post-thumbnail","6":"product_cat-weitere-spielzeuge-hundespielzeug-sport-hundebaellehundewelt","8":"first","9":"instock","10":"taxable","11":"shipping-taxable","12":"purchasable","13":"product-type-simple"},"_links":{"self":[{"href":"https:\/\/all-pets.de\/shop\/wp-json\/wp\/v2\/product\/47904","targetHints":{"allow":["GET"]}}],"collection":[{"href":"https:\/\/all-pets.de\/shop\/wp-json\/wp\/v2\/product"}],"about":[{"href":"https:\/\/all-pets.de\/shop\/wp-json\/wp\/v2\/types\/product"}],"replies":[{"embeddable":true,"href":"https:\/\/all-pets.de\/shop\/wp-json\/wp\/v2\/comments?post=47904"}],"wp:featuredmedia":[{"embeddable":true,"href":"https:\/\/all-pets.de\/shop\/wp-json\/wp\/v2\/media\/18487"}],"wp:attachment":[{"href":"https:\/\/all-pets.de\/shop\/wp-json\/wp\/v2\/media?parent=47904"}],"wp:term":[{"taxonomy":"product_cat","embeddable":true,"href":"https:\/\/all-pets.de\/shop\/wp-json\/wp\/v2\/product_cat?post=47904"},{"taxonomy":"product_tag","embeddable":true,"href":"https:\/\/all-pets.de\/shop\/wp-json\/wp\/v2\/product_tag?post=47904"}],"curies":[{"name":"wp","href":"https:\/\/api.w.org\/{rel}","templated":true}]}}