{"id":47908,"date":"2023-12-12T10:56:13","date_gmt":"2023-12-12T09:56:13","guid":{"rendered":"https:\/\/pet-shopping.de\/shop\/produkt\/disney-noggins-hundespielzeug-alice-im-wunderland-nivens-mctwisp\/"},"modified":"2023-12-12T10:56:13","modified_gmt":"2023-12-12T09:56:13","slug":"disney-noggins-hundespielzeug-alice-im-wunderland-nivens-mctwisp","status":"publish","type":"product","link":"https:\/\/all-pets.de\/shop\/produkt\/disney-noggins-hundespielzeug-alice-im-wunderland-nivens-mctwisp\/","title":{"rendered":"Disney Noggins Hundespielzeug &#8211; Alice im Wunderland Nivens McTwisp"},"content":{"rendered":"<p>Nivens McTwisp, das wei\u00dfe Kaninchen aus dem Disneyfilm Alice im Wunderland, jetzt auch in Ballform erh\u00e4ltlich!<\/p>\n<p>Eignet sich perfekt zum Apportieren und ist einfach sauber zu halten mit sanfter Seife.<br \/> \u00a0<br \/> Ma\u00dfe: ca. 13 x 8 cm<br \/> \u00a0<br \/> Aufgepa\u00dft, nichts f\u00fcr Durchbei\u00dfer!<\/p>\n","protected":false},"excerpt":{"rendered":"<p>Nivens McTwisp, das wei\u00dfe Kaninchen aus dem Disneyfilm Alice im Wunderland, jetzt auch in Ballform erh\u00e4ltlich! Eignet sich perfekt zum Apportieren und ist einfach sauber zu halten mit sanfter Seife. \u00a0 Ma\u00dfe: ca. 13 x 8 cm \u00a0 Aufgepa\u00dft, nichts f\u00fcr Durchbei\u00dfer!<\/p>\n","protected":false},"featured_media":32607,"comment_status":"closed","ping_status":"open","template":"","meta":[],"product_cat":[14471],"product_tag":[],"class_list":{"0":"post-47908","1":"product","2":"type-product","3":"status-publish","4":"has-post-thumbnail","6":"product_cat-weitere-spielzeuge-hundespielzeug-sport-hundebaellehundewelt","8":"first","9":"instock","10":"taxable","11":"shipping-taxable","12":"purchasable","13":"product-type-simple"},"_links":{"self":[{"href":"https:\/\/all-pets.de\/shop\/wp-json\/wp\/v2\/product\/47908","targetHints":{"allow":["GET"]}}],"collection":[{"href":"https:\/\/all-pets.de\/shop\/wp-json\/wp\/v2\/product"}],"about":[{"href":"https:\/\/all-pets.de\/shop\/wp-json\/wp\/v2\/types\/product"}],"replies":[{"embeddable":true,"href":"https:\/\/all-pets.de\/shop\/wp-json\/wp\/v2\/comments?post=47908"}],"wp:featuredmedia":[{"embeddable":true,"href":"https:\/\/all-pets.de\/shop\/wp-json\/wp\/v2\/media\/32607"}],"wp:attachment":[{"href":"https:\/\/all-pets.de\/shop\/wp-json\/wp\/v2\/media?parent=47908"}],"wp:term":[{"taxonomy":"product_cat","embeddable":true,"href":"https:\/\/all-pets.de\/shop\/wp-json\/wp\/v2\/product_cat?post=47908"},{"taxonomy":"product_tag","embeddable":true,"href":"https:\/\/all-pets.de\/shop\/wp-json\/wp\/v2\/product_tag?post=47908"}],"curies":[{"name":"wp","href":"https:\/\/api.w.org\/{rel}","templated":true}]}}