{"id":47909,"date":"2023-12-12T10:56:13","date_gmt":"2023-12-12T09:56:13","guid":{"rendered":"https:\/\/pet-shopping.de\/shop\/produkt\/bunny-trainings-snack-gemuese-30g\/"},"modified":"2023-12-12T10:56:13","modified_gmt":"2023-12-12T09:56:13","slug":"bunny-trainings-snack-gemuese-30g","status":"publish","type":"product","link":"https:\/\/all-pets.de\/shop\/produkt\/bunny-trainings-snack-gemuese-30g\/","title":{"rendered":"Bunny Trainings-Snack Gem\u00fcse 30g"},"content":{"rendered":"<p>Erg\u00e4nzungsfuttermittel f\u00fcr Kaninchen &#038; Nagetiere<\/p>\n<p>Klein, leicht und knusprig-kross &#8211; die <strong>Click&#038;Snack Trainings-Snacks<\/strong> sind super lecker und lassen sich ganz fix knabbern. Das macht sie zur idealen Belohnung zum Beispiel w\u00e4hrend des Clicker-Trainings.<\/p>\n<ul class=\"benefits\">\n<li class=\"benefit\">\n<div class=\"titel\">Kleine Snacks bestens geeignet f\u00fcr z.B. Clickertraining und Schn\u00fcffelmatte<\/div>\n<\/li>\n<li class=\"benefit\">\n<div class=\"titel\">Wiederverschlie\u00dfbare, praktische Dose<\/div>\n<\/li>\n<li class=\"benefit\">\n<div class=\"titel\">Ohne Zuckerzus\u00e4tze, Geschmacksverst\u00e4rker, Konservierungsstoffe und Aromen<\/div>\n<\/li>\n<\/ul>\n<p>Zusammensetzung:<br \/> Mais, Erbsen, Luzerne (Gem\u00fcse 40%)<\/p>\n<dl class=\"detailAccordion\">\n<dd> <\/dd>\n<\/dl>\n","protected":false},"excerpt":{"rendered":"<p>Erg\u00e4nzungsfuttermittel f\u00fcr Kaninchen &#038; Nagetiere Klein, leicht und knusprig-kross &#8211; die Click&#038;Snack Trainings-Snacks sind super lecker und lassen sich ganz fix knabbern. Das macht sie zur idealen Belohnung zum Beispiel w\u00e4hrend des Clicker-Trainings. Kleine Snacks bestens geeignet f\u00fcr z.B. Clickertraining und Schn\u00fcffelmatte Wiederverschlie\u00dfbare, praktische Dose Ohne Zuckerzus\u00e4tze, Geschmacksverst\u00e4rker, Konservierungsstoffe und Aromen Zusammensetzung: Mais, Erbsen, Luzerne [&hellip;]<\/p>\n","protected":false},"featured_media":19665,"comment_status":"closed","ping_status":"open","template":"","meta":[],"product_cat":[14915],"product_tag":[],"class_list":{"0":"post-47909","1":"product","2":"type-product","3":"status-publish","4":"has-post-thumbnail","6":"product_cat-zwergkaninchen-kleintierfutter-snacks-bunnykleintierwelt","8":"first","9":"instock","10":"taxable","11":"shipping-taxable","12":"purchasable","13":"product-type-simple"},"_links":{"self":[{"href":"https:\/\/all-pets.de\/shop\/wp-json\/wp\/v2\/product\/47909","targetHints":{"allow":["GET"]}}],"collection":[{"href":"https:\/\/all-pets.de\/shop\/wp-json\/wp\/v2\/product"}],"about":[{"href":"https:\/\/all-pets.de\/shop\/wp-json\/wp\/v2\/types\/product"}],"replies":[{"embeddable":true,"href":"https:\/\/all-pets.de\/shop\/wp-json\/wp\/v2\/comments?post=47909"}],"wp:featuredmedia":[{"embeddable":true,"href":"https:\/\/all-pets.de\/shop\/wp-json\/wp\/v2\/media\/19665"}],"wp:attachment":[{"href":"https:\/\/all-pets.de\/shop\/wp-json\/wp\/v2\/media?parent=47909"}],"wp:term":[{"taxonomy":"product_cat","embeddable":true,"href":"https:\/\/all-pets.de\/shop\/wp-json\/wp\/v2\/product_cat?post=47909"},{"taxonomy":"product_tag","embeddable":true,"href":"https:\/\/all-pets.de\/shop\/wp-json\/wp\/v2\/product_tag?post=47909"}],"curies":[{"name":"wp","href":"https:\/\/api.w.org\/{rel}","templated":true}]}}