{"id":47911,"date":"2023-12-12T10:56:13","date_gmt":"2023-12-12T09:56:13","guid":{"rendered":"https:\/\/pet-shopping.de\/shop\/produkt\/bunny-heu-active-snack-lieblingsgemuese-30g\/"},"modified":"2023-12-12T10:56:13","modified_gmt":"2023-12-12T09:56:13","slug":"bunny-heu-active-snack-lieblingsgemuese-30g","status":"publish","type":"product","link":"https:\/\/all-pets.de\/shop\/produkt\/bunny-heu-active-snack-lieblingsgemuese-30g\/","title":{"rendered":"Bunny Heu Active-Snack Lieblingsgem\u00fcse 30g"},"content":{"rendered":"<div class=\"produktart\">\n<p>Mischfuttermittel f\u00fcr Kaninchen &#038; Nagetiere<\/p>\n<p><strong>Die spannende Snack-Suche zum Aufh\u00e4ngen im Gehege:<\/strong><br \/> Einfach etwas Heu aus den vorhandenen Einschnitten ziehen und schon kann die Suche nach dem Lieblingsgem\u00fcse beginnen.<\/p>\n<ul class=\"benefits\">\n<li class=\"benefit\">\n<div class=\"titel\">Knackiges Heu zum Knabbern und Nestbauen<\/div>\n<\/li>\n<li class=\"benefit\">\n<div class=\"titel\">Leckere Belohnung im Inneren<\/div>\n<\/li>\n<li class=\"benefit\">\n<div class=\"titel\">Schafft sinnvolle Abwechslung<\/div>\n<\/li>\n<li class=\"benefit\">\n<div class=\"titel\">F\u00f6rdert nat\u00fcrliche Verhaltensweisen<\/div>\n<\/li>\n<li class=\"benefit\">\n<div class=\"titel\">Einfache Handhabung<\/div>\n<\/li>\n<\/ul>\n<p>Zusammensetzung:<br \/> Heu, Pastinaken, Zichorienwurzel, Paprika, K\u00fcrbis, Broccoli, Petersilienst\u00e4ngel (Gem\u00fcse 20%)<\/p>\n<dl class=\"detailAccordion\">\n<dd> <\/dd>\n<\/dl>\n<\/div>\n","protected":false},"excerpt":{"rendered":"<p>Mischfuttermittel f\u00fcr Kaninchen &#038; Nagetiere Die spannende Snack-Suche zum Aufh\u00e4ngen im Gehege: Einfach etwas Heu aus den vorhandenen Einschnitten ziehen und schon kann die Suche nach dem Lieblingsgem\u00fcse beginnen. Knackiges Heu zum Knabbern und Nestbauen Leckere Belohnung im Inneren Schafft sinnvolle Abwechslung F\u00f6rdert nat\u00fcrliche Verhaltensweisen Einfache Handhabung Zusammensetzung: Heu, Pastinaken, Zichorienwurzel, Paprika, K\u00fcrbis, Broccoli, Petersilienst\u00e4ngel [&hellip;]<\/p>\n","protected":false},"featured_media":23667,"comment_status":"closed","ping_status":"open","template":"","meta":[],"product_cat":[14922],"product_tag":[],"class_list":{"0":"post-47911","1":"product","2":"type-product","3":"status-publish","4":"has-post-thumbnail","6":"product_cat-zwergkaninchen-kleintierfutter-snacks-spiel-sportkleintierwelt-ausstattung-zubehoer-bunnykleintierwelt-kleintierfutter-snacks-kleintierfutter-snackskleintierwelt","8":"first","9":"instock","10":"taxable","11":"shipping-taxable","12":"purchasable","13":"product-type-simple"},"_links":{"self":[{"href":"https:\/\/all-pets.de\/shop\/wp-json\/wp\/v2\/product\/47911","targetHints":{"allow":["GET"]}}],"collection":[{"href":"https:\/\/all-pets.de\/shop\/wp-json\/wp\/v2\/product"}],"about":[{"href":"https:\/\/all-pets.de\/shop\/wp-json\/wp\/v2\/types\/product"}],"replies":[{"embeddable":true,"href":"https:\/\/all-pets.de\/shop\/wp-json\/wp\/v2\/comments?post=47911"}],"wp:featuredmedia":[{"embeddable":true,"href":"https:\/\/all-pets.de\/shop\/wp-json\/wp\/v2\/media\/23667"}],"wp:attachment":[{"href":"https:\/\/all-pets.de\/shop\/wp-json\/wp\/v2\/media?parent=47911"}],"wp:term":[{"taxonomy":"product_cat","embeddable":true,"href":"https:\/\/all-pets.de\/shop\/wp-json\/wp\/v2\/product_cat?post=47911"},{"taxonomy":"product_tag","embeddable":true,"href":"https:\/\/all-pets.de\/shop\/wp-json\/wp\/v2\/product_tag?post=47911"}],"curies":[{"name":"wp","href":"https:\/\/api.w.org\/{rel}","templated":true}]}}