{"id":47915,"date":"2023-12-12T10:56:13","date_gmt":"2023-12-12T09:56:13","guid":{"rendered":"https:\/\/pet-shopping.de\/shop\/produkt\/bunny-schnueffelmatte-filz-gruen-grau\/"},"modified":"2023-12-12T10:56:14","modified_gmt":"2023-12-12T09:56:14","slug":"bunny-schnueffelmatte-filz-gruen-grau","status":"publish","type":"product","link":"https:\/\/all-pets.de\/shop\/produkt\/bunny-schnueffelmatte-filz-gruen-grau\/","title":{"rendered":"Bunny Schn\u00fcffelmatte Filz gr\u00fcn\/grau"},"content":{"rendered":"<p>Einfach Leckerchen in der Matte verstecken und los geht\u00b4s&#8230;<br \/> <strong>Suchen &#8211; Spielen &#8211; Snacken<\/strong> &#8211; eine spielerische Besch\u00e4ftigung mit gro\u00dfem Spa\u00dffaktor. <\/p>\n<ul class=\"benefits\">\n<li class=\"benefit\">\n<div class=\"titel\">Super flauschiger Filz<\/div>\n<\/li>\n<li class=\"benefit\">\n<div class=\"titel\">In zwei attraktiven Farbkombinationen: rot\/grau &#038; gr\u00fcn\/grau<\/div>\n<\/li>\n<li class=\"benefit\">\n<div class=\"titel\">F\u00f6rdert nat\u00fcrliche Verhaltensweisen<\/div>\n<\/li>\n<li class=\"benefit\">\n<div class=\"titel\">Intensive Besch\u00e4ftigung mit den Tieren<\/div>\n<\/li>\n<li class=\"benefit\">\n<div class=\"titel\">Schafft Abwechslung und f\u00f6rdert den Stressabbau<\/div>\n<\/li>\n<li class=\"benefit\">\n<div class=\"titel\">Verbessert die Zutraulichkeit<\/div>\n<\/li>\n<\/ul>\n<p>Abmessung: 15 x 28 cm<\/p>\n","protected":false},"excerpt":{"rendered":"<p>Einfach Leckerchen in der Matte verstecken und los geht\u00b4s&#8230; Suchen &#8211; Spielen &#8211; Snacken &#8211; eine spielerische Besch\u00e4ftigung mit gro\u00dfem Spa\u00dffaktor. Super flauschiger Filz In zwei attraktiven Farbkombinationen: rot\/grau &#038; gr\u00fcn\/grau F\u00f6rdert nat\u00fcrliche Verhaltensweisen Intensive Besch\u00e4ftigung mit den Tieren Schafft Abwechslung und f\u00f6rdert den Stressabbau Verbessert die Zutraulichkeit Abmessung: 15 x 28 cm<\/p>\n","protected":false},"featured_media":15830,"comment_status":"closed","ping_status":"open","template":"","meta":[],"product_cat":[14914],"product_tag":[],"class_list":{"0":"post-47915","1":"product","2":"type-product","3":"status-publish","4":"has-post-thumbnail","6":"product_cat-spiel-sport-ausstattung-zubehoer-bunnykleintierwelt","8":"first","9":"instock","10":"taxable","11":"shipping-taxable","12":"purchasable","13":"product-type-simple"},"_links":{"self":[{"href":"https:\/\/all-pets.de\/shop\/wp-json\/wp\/v2\/product\/47915","targetHints":{"allow":["GET"]}}],"collection":[{"href":"https:\/\/all-pets.de\/shop\/wp-json\/wp\/v2\/product"}],"about":[{"href":"https:\/\/all-pets.de\/shop\/wp-json\/wp\/v2\/types\/product"}],"replies":[{"embeddable":true,"href":"https:\/\/all-pets.de\/shop\/wp-json\/wp\/v2\/comments?post=47915"}],"wp:featuredmedia":[{"embeddable":true,"href":"https:\/\/all-pets.de\/shop\/wp-json\/wp\/v2\/media\/15830"}],"wp:attachment":[{"href":"https:\/\/all-pets.de\/shop\/wp-json\/wp\/v2\/media?parent=47915"}],"wp:term":[{"taxonomy":"product_cat","embeddable":true,"href":"https:\/\/all-pets.de\/shop\/wp-json\/wp\/v2\/product_cat?post=47915"},{"taxonomy":"product_tag","embeddable":true,"href":"https:\/\/all-pets.de\/shop\/wp-json\/wp\/v2\/product_tag?post=47915"}],"curies":[{"name":"wp","href":"https:\/\/api.w.org\/{rel}","templated":true}]}}