{"id":47918,"date":"2023-12-12T10:56:13","date_gmt":"2023-12-12T09:56:13","guid":{"rendered":"https:\/\/pet-shopping.de\/shop\/produkt\/bunny-buddelspass-sand-mix-8l\/"},"modified":"2023-12-12T10:56:14","modified_gmt":"2023-12-12T09:56:14","slug":"bunny-buddelspass-sand-mix-8l","status":"publish","type":"product","link":"https:\/\/all-pets.de\/shop\/produkt\/bunny-buddelspass-sand-mix-8l\/","title":{"rendered":"Bunny Buddelspa\u00df Sand-Mix 8l"},"content":{"rendered":"<p>Der <strong>BuddelSpa\u00df-Sand-Mix<\/strong> von <strong>bunnyNature<\/strong> sorgt f\u00fcr das allergr\u00f6\u00dfte Buddelvergn\u00fcgen &#8211; von Kaninchen empfohlen und nat\u00fcrlich bunny-gepr\u00fcft!<\/p>\n<ul>\n<li>F\u00f6rdert Nat\u00fcrliches Verhalten<\/li>\n<li>Lockerer Sand-Mix<\/li>\n<li>Angenehm f\u00fcr die Pfoten<\/li>\n<li>von Kaninchen empfohlen<\/li>\n<li>Sch\u00f6n k\u00fchl im Sommer<\/li>\n<li>bunny gepr\u00fcft<\/li>\n<\/ul>\n<p>Inhalt: 8 Liter<\/p><\/p>\n","protected":false},"excerpt":{"rendered":"<p>Der BuddelSpa\u00df-Sand-Mix von bunnyNature sorgt f\u00fcr das allergr\u00f6\u00dfte Buddelvergn\u00fcgen &#8211; von Kaninchen empfohlen und nat\u00fcrlich bunny-gepr\u00fcft! F\u00f6rdert Nat\u00fcrliches Verhalten Lockerer Sand-Mix Angenehm f\u00fcr die Pfoten von Kaninchen empfohlen Sch\u00f6n k\u00fchl im Sommer bunny gepr\u00fcft Inhalt: 8 Liter<\/p>\n","protected":false},"featured_media":2529,"comment_status":"closed","ping_status":"open","template":"","meta":[],"product_cat":[14914],"product_tag":[],"class_list":{"0":"post-47918","1":"product","2":"type-product","3":"status-publish","4":"has-post-thumbnail","6":"product_cat-spiel-sport-ausstattung-zubehoer-bunnykleintierwelt","8":"first","9":"instock","10":"taxable","11":"shipping-taxable","12":"purchasable","13":"product-type-simple"},"_links":{"self":[{"href":"https:\/\/all-pets.de\/shop\/wp-json\/wp\/v2\/product\/47918","targetHints":{"allow":["GET"]}}],"collection":[{"href":"https:\/\/all-pets.de\/shop\/wp-json\/wp\/v2\/product"}],"about":[{"href":"https:\/\/all-pets.de\/shop\/wp-json\/wp\/v2\/types\/product"}],"replies":[{"embeddable":true,"href":"https:\/\/all-pets.de\/shop\/wp-json\/wp\/v2\/comments?post=47918"}],"wp:featuredmedia":[{"embeddable":true,"href":"https:\/\/all-pets.de\/shop\/wp-json\/wp\/v2\/media\/2529"}],"wp:attachment":[{"href":"https:\/\/all-pets.de\/shop\/wp-json\/wp\/v2\/media?parent=47918"}],"wp:term":[{"taxonomy":"product_cat","embeddable":true,"href":"https:\/\/all-pets.de\/shop\/wp-json\/wp\/v2\/product_cat?post=47918"},{"taxonomy":"product_tag","embeddable":true,"href":"https:\/\/all-pets.de\/shop\/wp-json\/wp\/v2\/product_tag?post=47918"}],"curies":[{"name":"wp","href":"https:\/\/api.w.org\/{rel}","templated":true}]}}