{"id":47920,"date":"2023-12-12T10:56:13","date_gmt":"2023-12-12T09:56:13","guid":{"rendered":"https:\/\/pet-shopping.de\/shop\/produkt\/disney-square-head-monster-inc-sully\/"},"modified":"2023-12-12T10:56:15","modified_gmt":"2023-12-12T09:56:15","slug":"disney-square-head-monster-inc-sully","status":"publish","type":"product","link":"https:\/\/all-pets.de\/shop\/produkt\/disney-square-head-monster-inc-sully\/","title":{"rendered":"Disney Square Head Monster inc &#8211; Sully"},"content":{"rendered":"<p>Erwecken Sie den Disney-Erfolg Monster inc bei ihnen zu Hause zum Leben! Die bekannten Disneyfiguren gibt es jetzt auch in Form von Hundespielzeug!<\/p>\n<p>Gefertigt aus weichem Pl\u00fcsch, was Hunde herrlich finden. Der Quietscher im Inneren Sorgen f\u00fcr gro\u00dfen Spielspa\u00df mit Ihrem Hund.<\/p>\n<p>Ma\u00dfe: ca. 25 x 20 x 4 cm<\/p>\n","protected":false},"excerpt":{"rendered":"<p>Erwecken Sie den Disney-Erfolg Monster inc bei ihnen zu Hause zum Leben! Die bekannten Disneyfiguren gibt es jetzt auch in Form von Hundespielzeug! Gefertigt aus weichem Pl\u00fcsch, was Hunde herrlich finden. Der Quietscher im Inneren Sorgen f\u00fcr gro\u00dfen Spielspa\u00df mit Ihrem Hund. Ma\u00dfe: ca. 25 x 20 x 4 cm<\/p>\n","protected":false},"featured_media":1208,"comment_status":"closed","ping_status":"open","template":"","meta":[],"product_cat":[13828],"product_tag":[],"class_list":{"0":"post-47920","1":"product","2":"type-product","3":"status-publish","4":"has-post-thumbnail","6":"product_cat-plueschspielzeug-hundespielzeug-sport","8":"first","9":"instock","10":"taxable","11":"shipping-taxable","12":"purchasable","13":"product-type-simple"},"_links":{"self":[{"href":"https:\/\/all-pets.de\/shop\/wp-json\/wp\/v2\/product\/47920","targetHints":{"allow":["GET"]}}],"collection":[{"href":"https:\/\/all-pets.de\/shop\/wp-json\/wp\/v2\/product"}],"about":[{"href":"https:\/\/all-pets.de\/shop\/wp-json\/wp\/v2\/types\/product"}],"replies":[{"embeddable":true,"href":"https:\/\/all-pets.de\/shop\/wp-json\/wp\/v2\/comments?post=47920"}],"wp:featuredmedia":[{"embeddable":true,"href":"https:\/\/all-pets.de\/shop\/wp-json\/wp\/v2\/media\/1208"}],"wp:attachment":[{"href":"https:\/\/all-pets.de\/shop\/wp-json\/wp\/v2\/media?parent=47920"}],"wp:term":[{"taxonomy":"product_cat","embeddable":true,"href":"https:\/\/all-pets.de\/shop\/wp-json\/wp\/v2\/product_cat?post=47920"},{"taxonomy":"product_tag","embeddable":true,"href":"https:\/\/all-pets.de\/shop\/wp-json\/wp\/v2\/product_tag?post=47920"}],"curies":[{"name":"wp","href":"https:\/\/api.w.org\/{rel}","templated":true}]}}